{"id":1602,"date":"2018-06-25T10:55:07","date_gmt":"2018-06-25T08:55:07","guid":{"rendered":"https:\/\/www.pirovano.com\/unita-produttiva\/"},"modified":"2020-06-12T09:29:48","modified_gmt":"2020-06-12T07:29:48","slug":"%d0%bf%d1%80%d0%be%d0%b8%d0%b7%d0%b2%d0%be%d0%b4%d1%81%d1%82%d0%b2%d0%be","status":"publish","type":"page","link":"https:\/\/www.pirovano.com\/ru\/%d0%bf%d1%80%d0%be%d0%b8%d0%b7%d0%b2%d0%be%d0%b4%d1%81%d1%82%d0%b2%d0%be\/","title":{"rendered":"\u041f\u0440\u043e\u0438\u0437\u0432\u043e\u0434\u0441\u0442\u0432\u043e"},"content":{"rendered":"\t\t<div class=\"elementor elementor-1602\">\n\t\t\t<div class=\"elementor-inner\">\n\t\t\t\t<div class=\"elementor-section-wrap\">\n\t\t\t\t\t\t\t<section data-id=\"8f2b892\" class=\"elementor-element elementor-element-8f2b892 elementor-section-boxed elementor-section-height-default elementor-section-height-default elementor-section elementor-top-section\" data-element_type=\"section\">\n\t\t\t\t\t\t<div class=\"elementor-container elementor-column-gap-default\">\n\t\t\t\t<div class=\"elementor-row\">\n\t\t\t\t<div data-id=\"a3da381\" class=\"elementor-element elementor-element-a3da381 elementor-column elementor-col-100 elementor-top-column\" data-element_type=\"column\">\n\t\t\t<div class=\"elementor-column-wrap elementor-element-populated\">\n\t\t\t\t\t<div class=\"elementor-widget-wrap\">\n\t\t\t\t<div data-id=\"4abe2f4\" class=\"elementor-element elementor-element-4abe2f4 elementor-widget elementor-widget-text-editor\" data-element_type=\"text-editor.default\">\n\t\t\t\t<div class=\"elementor-widget-container\">\n\t\t\t\t\t<div class=\"elementor-text-editor elementor-clearfix\"><p>\u041d\u043e\u0432\u043e\u0435 \u0437\u0434\u0430\u043d\u0438\u0435 Pirovano, \u0440\u0430\u0441\u043f\u043e\u043b\u043e\u0436\u0435\u043d\u043d\u043e\u0435 \u0432 \u043d\u0435\u0441\u043a\u043e\u043b\u044c\u043a\u0438\u0445 \u043a\u0438\u043b\u043e\u043c\u0435\u0442\u0440\u0430\u0445 \u043e\u0442 \u0433\u043e\u0440\u043e\u0434\u0430 \u041c\u0438\u043b\u0430\u043d\u0430 \u0438 \u043e\u0442 \u0430\u044d\u0440\u043e\u043f\u043e\u0440\u0442\u0430 \u041c\u0438\u043b\u0430\u043d\u043e \u041c\u0430\u043b\u044c\u043f\u0435\u043d\u0441\u0430, \u043e\u0442\u043e\u0431\u0440\u0430\u0436\u0430\u0435\u0442 \u0441\u043e\u0432\u0440\u0435\u043c\u0435\u043d\u043d\u043e\u0435 \u043a\u0440\u0435\u0430\u0442\u0438\u0432\u043d\u043e\u0435 \u043c\u044b\u0448\u043b\u0435\u043d\u0438\u0435 \u043d\u0430\u0448\u0435\u0439 \u043a\u043e\u043c\u043f\u0430\u043d\u0438\u0438.<\/p><p>\u00a0<\/p><p>\u042d\u0442\u043e \u0442\u043e \u043c\u0435\u0441\u0442\u043e, \u043a\u0443\u0434\u0430 \u043d\u0430\u0448\u0430 \u043a\u043e\u043c\u0430\u043d\u0434\u0430 \u0441 \u0440\u0430\u0434\u043e\u0441\u0442\u044c\u044e \u043f\u0440\u0438\u0445\u043e\u0434\u0438\u0442 \u043a\u0430\u0436\u0434\u044b\u0439 \u0434\u0435\u043d\u044c; \u0437\u0434\u0435\u0441\u044c \u043d\u0430\u0448\u0438 \u043f\u0440\u043e\u0438\u0437\u0432\u043e\u0434\u0441\u0442\u0432\u0435\u043d\u043d\u043e-\u0442\u0435\u0445\u043d\u0438\u0447\u0435\u0441\u043a\u0438\u0435 \u043e\u0442\u0434\u0435\u043b\u044b \u0440\u0430\u0431\u043e\u0442\u0430\u044e\u0442 \u043d\u0430\u0434 \u0432\u044b\u043f\u043e\u043b\u043d\u0435\u043d\u0438\u0435\u043c \u0438\u043d\u0434\u0438\u0432\u0438\u0434\u0443\u0430\u043b\u044c\u043d\u044b\u0445 \u0440\u0435\u0448\u0435\u043d\u0438\u0439, \u0441\u043f\u043e\u0441\u043e\u0431\u043d\u044b\u0445 \u043f\u043e\u043b\u043d\u043e\u0441\u0442\u044c\u044e \u043e\u0442\u0432\u0435\u0447\u0430\u0442\u044c \u043f\u0440\u043e\u0438\u0437\u0432\u043e\u0434\u0441\u0442\u0432\u0435\u043d\u043d\u044b\u043c \u0442\u0440\u0435\u0431\u043e\u0432\u0430\u043d\u0438\u044f\u043c \u043d\u0430\u0448\u0438\u0445 \u043a\u043b\u0438\u0435\u043d\u0442\u043e\u0432; \u0437\u0434\u0435\u0441\u044c \u043c\u044b \u043f\u0440\u043e\u0438\u0437\u0432\u043e\u0434\u0438\u043c, \u0442\u0435\u0441\u0442\u0438\u0440\u0443\u0435\u043c \u0438 \u0434\u0435\u043c\u043e\u043d\u0441\u0442\u0440\u0438\u0440\u0443\u0435\u043c \u0432\u0441\u0435 \u043d\u0430\u0448\u0435 \u043e\u0431\u043e\u0440\u0443\u0434\u043e\u0432\u0430\u043d\u0438\u0435, \u043f\u0440\u0435\u0436\u0434\u0435 \u0447\u0435\u043c \u0435\u0433\u043e \u0443\u043f\u0430\u043a\u043e\u0432\u0430\u0442\u044c \u0438 \u043e\u0442\u043f\u0440\u0430\u0432\u0438\u0442\u044c; \u043e\u0442\u0441\u044e\u0434\u0430 (\u0441 \u043f\u043e\u043c\u043e\u0449\u044c\u044e \u0443\u0434\u0430\u043b\u0435\u043d\u043d\u043e\u0439 \u043f\u043e\u0434\u0434\u0435\u0440\u0436\u043a\u0438) \u043d\u0430\u0448\u0435 \u0441\u0435\u0440\u0432\u0438\u0441\u043d\u043e\u0435 \u043e\u0431\u0441\u043b\u0443\u0436\u0438\u0432\u0430\u043d\u0438\u0435 \u043c\u043e\u0436\u0435\u0442 \u0431\u044b\u0441\u0442\u0440\u043e \u0441\u043e\u043e\u0431\u0449\u0430\u0442\u044c\u0441\u044f \u0441 \u0440\u0430\u0441\u043f\u043e\u043b\u043e\u0436\u0435\u043d\u043d\u044b\u043c\u0438 \u043f\u043e \u0432\u0441\u0435\u043c\u0443 \u043c\u0438\u0440\u0443 \u0441\u0438\u0441\u0442\u0435\u043c\u0430\u043c\u0438; \u0437\u0434\u0435\u0441\u044c \u043d\u0430\u0445\u043e\u0434\u044f\u0442\u0441\u044f \u043e\u0442\u0434\u0435\u043b\u044b \u0411\u0443\u0445\u0433\u0430\u043b\u0442\u0435\u0440\u0438\u0438, \u041f\u0440\u043e\u0434\u0430\u0436 \u0438 \u0420\u0443\u043a\u043e\u0432\u043e\u0434\u0441\u0442\u0432\u0430 \u041a\u043e\u043c\u043f\u0430\u043d\u0438\u0438.<\/p><\/div>\n\t\t\t\t<\/div>\n\t\t\t\t<\/div>\n\t\t\t\t\t\t<\/div>\n\t\t\t<\/div>\n\t\t<\/div>\n\t\t\t\t\t\t<\/div>\n\t\t\t<\/div>\n\t\t<\/section>\n\t\t\t\t<section data-id=\"4ab85cb\" class=\"elementor-element elementor-element-4ab85cb elementor-section-boxed elementor-section-height-default elementor-section-height-default elementor-section elementor-top-section\" data-element_type=\"section\">\n\t\t\t\t\t\t<div class=\"elementor-container elementor-column-gap-default\">\n\t\t\t\t<div class=\"elementor-row\">\n\t\t\t\t<div data-id=\"2ffd476\" class=\"elementor-element elementor-element-2ffd476 elementor-column elementor-col-100 elementor-top-column\" data-element_type=\"column\">\n\t\t\t<div class=\"elementor-column-wrap elementor-element-populated\">\n\t\t\t\t\t<div class=\"elementor-widget-wrap\">\n\t\t\t\t<div data-id=\"e258ac7\" class=\"elementor-element elementor-element-e258ac7 elementor-widget elementor-widget-spacer\" data-element_type=\"spacer.default\">\n\t\t\t\t<div class=\"elementor-widget-container\">\n\t\t\t\t\t<div class=\"elementor-spacer\">\n\t\t\t<div class=\"elementor-spacer-inner\"><\/div>\n\t\t<\/div>\n\t\t\t\t<\/div>\n\t\t\t\t<\/div>\n\t\t\t\t\t\t<\/div>\n\t\t\t<\/div>\n\t\t<\/div>\n\t\t\t\t\t\t<\/div>\n\t\t\t<\/div>\n\t\t<\/section>\n\t\t\t\t<section data-id=\"82f2d37\" class=\"elementor-element elementor-element-82f2d37 elementor-section-stretched full-width elementor-section-boxed elementor-section-height-default elementor-section-height-default elementor-section elementor-top-section\" data-settings=\"{&quot;stretch_section&quot;:&quot;section-stretched&quot;}\" data-element_type=\"section\">\n\t\t\t\t\t\t<div class=\"elementor-container elementor-column-gap-default\">\n\t\t\t\t<div class=\"elementor-row\">\n\t\t\t\t<div data-id=\"be46eed\" class=\"elementor-element elementor-element-be46eed elementor-column elementor-col-100 elementor-top-column\" data-element_type=\"column\">\n\t\t\t<div class=\"elementor-column-wrap elementor-element-populated\">\n\t\t\t\t\t<div class=\"elementor-widget-wrap\">\n\t\t\t\t<div data-id=\"3fbd42e\" class=\"elementor-element elementor-element-3fbd42e elementor-widget elementor-widget-image-carousel\" data-settings=\"{&quot;navigation&quot;:&quot;arrows&quot;,&quot;pause_on_hover&quot;:&quot;yes&quot;,&quot;autoplay&quot;:&quot;yes&quot;,&quot;autoplay_speed&quot;:5000,&quot;infinite&quot;:&quot;yes&quot;,&quot;speed&quot;:500,&quot;direction&quot;:&quot;ltr&quot;}\" data-element_type=\"image-carousel.default\">\n\t\t\t\t<div class=\"elementor-widget-container\">\n\t\t\t\t\t<div class=\"elementor-image-carousel-wrapper elementor-slick-slider\" dir=\"ltr\">\n\t\t\t<div class=\"elementor-image-carousel slick-arrows-inside\">\n\t\t\t\t<div class=\"slick-slide\"><figure class=\"slick-slide-inner\"><a href=\"https:\/\/www.pirovano.com\/wp-content\/uploads\/2018\/08\/DSC_0505.jpg\" data-elementor-open-lightbox=\"yes\" data-elementor-lightbox-slideshow=\"3fbd42e\" data-elementor-lightbox-index=\"0\"><img decoding=\"async\" class=\"slick-slide-image\" src=\"https:\/\/www.pirovano.com\/wp-content\/uploads\/elementor\/thumbs\/DSC_0505-nvx0ymj0zjvptblo0lhrofi4r71ex3yrf09izuq7co.jpg\" alt=\"DSC_0505\" \/><\/a><\/figure><\/div><div class=\"slick-slide\"><figure class=\"slick-slide-inner\"><a href=\"https:\/\/www.pirovano.com\/wp-content\/uploads\/2018\/08\/B0000099.jpg\" data-elementor-open-lightbox=\"yes\" data-elementor-lightbox-slideshow=\"3fbd42e\" data-elementor-lightbox-index=\"1\"><img decoding=\"async\" class=\"slick-slide-image\" src=\"https:\/\/www.pirovano.com\/wp-content\/uploads\/elementor\/thumbs\/B0000099-nvx0ymj0zjvptblo0lhrofi4r71ex3yrf09izuq7co.jpg\" alt=\"B0000099\" \/><\/a><\/figure><\/div><div class=\"slick-slide\"><figure class=\"slick-slide-inner\"><a href=\"https:\/\/www.pirovano.com\/wp-content\/uploads\/2018\/08\/B0000046pano.jpg\" data-elementor-open-lightbox=\"yes\" data-elementor-lightbox-slideshow=\"3fbd42e\" data-elementor-lightbox-index=\"2\"><img decoding=\"async\" class=\"slick-slide-image\" src=\"https:\/\/www.pirovano.com\/wp-content\/uploads\/elementor\/thumbs\/B0000046pano-nvx0yknclvt563oebkoijfz7kfaohpraqqyk1aszp4.jpg\" alt=\"B0000046pano\" \/><\/a><\/figure><\/div><div class=\"slick-slide\"><figure class=\"slick-slide-inner\"><a href=\"https:\/\/www.pirovano.com\/wp-content\/uploads\/2018\/08\/B0000094.jpg\" data-elementor-open-lightbox=\"yes\" data-elementor-lightbox-slideshow=\"3fbd42e\" data-elementor-lightbox-index=\"3\"><img decoding=\"async\" class=\"slick-slide-image\" src=\"https:\/\/www.pirovano.com\/wp-content\/uploads\/elementor\/thumbs\/B0000094-nvx0yjpif1ruuhprh29vyy7qz1fba0nkemb2k0udvc.jpg\" alt=\"B0000094\" \/><\/a><\/figure><\/div><div class=\"slick-slide\"><figure class=\"slick-slide-inner\"><a href=\"https:\/\/www.pirovano.com\/wp-content\/uploads\/2018\/08\/B0000066.jpg\" data-elementor-open-lightbox=\"yes\" data-elementor-lightbox-slideshow=\"3fbd42e\" data-elementor-lightbox-index=\"4\"><img decoding=\"async\" class=\"slick-slide-image\" src=\"https:\/\/www.pirovano.com\/wp-content\/uploads\/elementor\/thumbs\/B0000066-nvx0yqadqw0v3rg7en49yejz4qivrwdorivgwykmns.jpg\" alt=\"B0000066\" \/><\/a><\/figure><\/div><div class=\"slick-slide\"><figure class=\"slick-slide-inner\"><a href=\"https:\/\/www.pirovano.com\/wp-content\/uploads\/2018\/08\/B0000056.jpg\" data-elementor-open-lightbox=\"yes\" data-elementor-lightbox-slideshow=\"3fbd42e\" data-elementor-lightbox-index=\"5\"><img decoding=\"async\" class=\"slick-slide-image\" src=\"https:\/\/www.pirovano.com\/wp-content\/uploads\/elementor\/thumbs\/B0000056-nvx0yngv6dx04xkav3we8x9lckws4t2hr4x0h4ot6g.jpg\" alt=\"B0000056\" \/><\/a><\/figure><\/div><div class=\"slick-slide\"><figure class=\"slick-slide-inner\"><a href=\"https:\/\/www.pirovano.com\/wp-content\/uploads\/2018\/08\/B0000046persone.jpg\" data-elementor-open-lightbox=\"yes\" data-elementor-lightbox-slideshow=\"3fbd42e\" data-elementor-lightbox-index=\"6\"><img decoding=\"async\" class=\"slick-slide-image\" src=\"https:\/\/www.pirovano.com\/wp-content\/uploads\/elementor\/thumbs\/B0000046persone-nvx0yngv6dx04xkav3we8x9lckws4t2hr4x0h4ot6g.jpg\" alt=\"B0000046persone\" \/><\/a><\/figure><\/div>\t\t\t<\/div>\n\t\t<\/div>\n\t\t\t\t<\/div>\n\t\t\t\t<\/div>\n\t\t\t\t\t\t<\/div>\n\t\t\t<\/div>\n\t\t<\/div>\n\t\t\t\t\t\t<\/div>\n\t\t\t<\/div>\n\t\t<\/section>\n\t\t\t\t\t\t<\/div>\n\t\t\t<\/div>\n\t\t<\/div>\n\t\t","protected":false},"excerpt":{"rendered":"<p>Situato a pochi chilometri di distanza dalla citt\u00e0 di Milano e dall&#8217;aeroporto di Milano Malpensa, il nuovo edificio della Pirovano esprime la mentalit\u00e0 creativa, moderna ed elegante della nostra azienda. Questo \u00e8 il luogo dove al nostro team piace venire ogni giorno; il luogo in cui i nostri reparti tecnico-produttivi progettano e realizzano quelle soluzioni &#8230;<\/p>\n","protected":false},"author":1,"featured_media":0,"parent":0,"menu_order":0,"comment_status":"closed","ping_status":"closed","template":"","meta":[],"yoast_head":"<!-- This site is optimized with the Yoast SEO plugin v20.0 - https:\/\/yoast.com\/wordpress\/plugins\/seo\/ -->\n<title>\u041f\u0440\u043e\u0438\u0437\u0432\u043e\u0434\u0441\u0442\u0432\u043e - Pirovano<\/title>\n<meta name=\"robots\" content=\"index, follow, max-snippet:-1, max-image-preview:large, max-video-preview:-1\" \/>\n<link rel=\"canonical\" href=\"https:\/\/www.pirovano.com\/ru\/\u043f\u0440\u043e\u0438\u0437\u0432\u043e\u0434\u0441\u0442\u0432\u043e\/\" \/>\n<meta property=\"og:locale\" content=\"ru_RU\" \/>\n<meta property=\"og:type\" content=\"article\" \/>\n<meta property=\"og:title\" content=\"\u041f\u0440\u043e\u0438\u0437\u0432\u043e\u0434\u0441\u0442\u0432\u043e - Pirovano\" \/>\n<meta property=\"og:description\" content=\"Situato a pochi chilometri di distanza dalla citt\u00e0 di Milano e dall&#8217;aeroporto di Milano Malpensa, il nuovo edificio della Pirovano esprime la mentalit\u00e0 creativa, moderna ed elegante della nostra azienda. Questo \u00e8 il luogo dove al nostro team piace venire ogni giorno; il luogo in cui i nostri reparti tecnico-produttivi progettano e realizzano quelle soluzioni ...\" \/>\n<meta property=\"og:url\" content=\"https:\/\/www.pirovano.com\/ru\/\u043f\u0440\u043e\u0438\u0437\u0432\u043e\u0434\u0441\u0442\u0432\u043e\/\" \/>\n<meta property=\"og:site_name\" content=\"Pirovano\" \/>\n<meta property=\"article:modified_time\" content=\"2020-06-12T07:29:48+00:00\" \/>\n<meta property=\"og:image\" content=\"https:\/\/www.pirovano.com\/wp-content\/uploads\/elementor\/thumbs\/DSC_0505-nvx0ymj0zjvptblo0lhrofi4r71ex3yrf09izuq7co.jpg\" \/>\n<meta name=\"twitter:card\" content=\"summary_large_image\" \/>\n<meta name=\"twitter:label1\" content=\"\u041f\u0440\u0438\u043c\u0435\u0440\u043d\u043e\u0435 \u0432\u0440\u0435\u043c\u044f \u0434\u043b\u044f \u0447\u0442\u0435\u043d\u0438\u044f\" \/>\n\t<meta name=\"twitter:data1\" content=\"1 \u043c\u0438\u043d\u0443\u0442\u0430\" \/>\n<script type=\"application\/ld+json\" class=\"yoast-schema-graph\">{\"@context\":\"https:\/\/schema.org\",\"@graph\":[{\"@type\":\"WebPage\",\"@id\":\"https:\/\/www.pirovano.com\/ru\/%d0%bf%d1%80%d0%be%d0%b8%d0%b7%d0%b2%d0%be%d0%b4%d1%81%d1%82%d0%b2%d0%be\/\",\"url\":\"https:\/\/www.pirovano.com\/ru\/%d0%bf%d1%80%d0%be%d0%b8%d0%b7%d0%b2%d0%be%d0%b4%d1%81%d1%82%d0%b2%d0%be\/\",\"name\":\"\u041f\u0440\u043e\u0438\u0437\u0432\u043e\u0434\u0441\u0442\u0432\u043e - Pirovano\",\"isPartOf\":{\"@id\":\"https:\/\/www.pirovano.com\/it\/#website\"},\"datePublished\":\"2018-06-25T08:55:07+00:00\",\"dateModified\":\"2020-06-12T07:29:48+00:00\",\"breadcrumb\":{\"@id\":\"https:\/\/www.pirovano.com\/ru\/%d0%bf%d1%80%d0%be%d0%b8%d0%b7%d0%b2%d0%be%d0%b4%d1%81%d1%82%d0%b2%d0%be\/#breadcrumb\"},\"inLanguage\":\"ru-RU\",\"potentialAction\":[{\"@type\":\"ReadAction\",\"target\":[\"https:\/\/www.pirovano.com\/ru\/%d0%bf%d1%80%d0%be%d0%b8%d0%b7%d0%b2%d0%be%d0%b4%d1%81%d1%82%d0%b2%d0%be\/\"]}]},{\"@type\":\"BreadcrumbList\",\"@id\":\"https:\/\/www.pirovano.com\/ru\/%d0%bf%d1%80%d0%be%d0%b8%d0%b7%d0%b2%d0%be%d0%b4%d1%81%d1%82%d0%b2%d0%be\/#breadcrumb\",\"itemListElement\":[{\"@type\":\"ListItem\",\"position\":1,\"name\":\"Home\",\"item\":\"https:\/\/www.pirovano.com\/ru\/\"},{\"@type\":\"ListItem\",\"position\":2,\"name\":\"\u041f\u0440\u043e\u0438\u0437\u0432\u043e\u0434\u0441\u0442\u0432\u043e\"}]},{\"@type\":\"WebSite\",\"@id\":\"https:\/\/www.pirovano.com\/it\/#website\",\"url\":\"https:\/\/www.pirovano.com\/it\/\",\"name\":\"https:\/\/www.pirovano.com\",\"description\":\"World\u2019s leading supplier of customized industrial equipment for dosing.\",\"publisher\":{\"@id\":\"https:\/\/www.pirovano.com\/it\/#organization\"},\"potentialAction\":[{\"@type\":\"SearchAction\",\"target\":{\"@type\":\"EntryPoint\",\"urlTemplate\":\"https:\/\/www.pirovano.com\/it\/?s={search_term_string}\"},\"query-input\":\"required name=search_term_string\"}],\"inLanguage\":\"ru-RU\"},{\"@type\":\"Organization\",\"@id\":\"https:\/\/www.pirovano.com\/it\/#organization\",\"name\":\"Pirovano s.r.l. - Impianti di Dosaggio Industriali\",\"url\":\"https:\/\/www.pirovano.com\/it\/\",\"logo\":{\"@type\":\"ImageObject\",\"inLanguage\":\"ru-RU\",\"@id\":\"https:\/\/www.pirovano.com\/it\/#\/schema\/logo\/image\/\",\"url\":\"https:\/\/www.pirovano.com\/wp-content\/uploads\/2023\/01\/logo.png\",\"contentUrl\":\"https:\/\/www.pirovano.com\/wp-content\/uploads\/2023\/01\/logo.png\",\"width\":767,\"height\":211,\"caption\":\"Pirovano s.r.l. - Impianti di Dosaggio Industriali\"},\"image\":{\"@id\":\"https:\/\/www.pirovano.com\/it\/#\/schema\/logo\/image\/\"},\"sameAs\":[\"https:\/\/www.linkedin.com\/company\/pirovano-dosing-systems\"]}]}<\/script>\n<!-- \/ Yoast SEO plugin. -->","yoast_head_json":{"title":"\u041f\u0440\u043e\u0438\u0437\u0432\u043e\u0434\u0441\u0442\u0432\u043e - Pirovano","robots":{"index":"index","follow":"follow","max-snippet":"max-snippet:-1","max-image-preview":"max-image-preview:large","max-video-preview":"max-video-preview:-1"},"canonical":"https:\/\/www.pirovano.com\/ru\/\u043f\u0440\u043e\u0438\u0437\u0432\u043e\u0434\u0441\u0442\u0432\u043e\/","og_locale":"ru_RU","og_type":"article","og_title":"\u041f\u0440\u043e\u0438\u0437\u0432\u043e\u0434\u0441\u0442\u0432\u043e - Pirovano","og_description":"Situato a pochi chilometri di distanza dalla citt\u00e0 di Milano e dall&#8217;aeroporto di Milano Malpensa, il nuovo edificio della Pirovano esprime la mentalit\u00e0 creativa, moderna ed elegante della nostra azienda. Questo \u00e8 il luogo dove al nostro team piace venire ogni giorno; il luogo in cui i nostri reparti tecnico-produttivi progettano e realizzano quelle soluzioni ...","og_url":"https:\/\/www.pirovano.com\/ru\/\u043f\u0440\u043e\u0438\u0437\u0432\u043e\u0434\u0441\u0442\u0432\u043e\/","og_site_name":"Pirovano","article_modified_time":"2020-06-12T07:29:48+00:00","og_image":[{"url":"https:\/\/www.pirovano.com\/wp-content\/uploads\/elementor\/thumbs\/DSC_0505-nvx0ymj0zjvptblo0lhrofi4r71ex3yrf09izuq7co.jpg"}],"twitter_card":"summary_large_image","twitter_misc":{"\u041f\u0440\u0438\u043c\u0435\u0440\u043d\u043e\u0435 \u0432\u0440\u0435\u043c\u044f \u0434\u043b\u044f \u0447\u0442\u0435\u043d\u0438\u044f":"1 \u043c\u0438\u043d\u0443\u0442\u0430"},"schema":{"@context":"https:\/\/schema.org","@graph":[{"@type":"WebPage","@id":"https:\/\/www.pirovano.com\/ru\/%d0%bf%d1%80%d0%be%d0%b8%d0%b7%d0%b2%d0%be%d0%b4%d1%81%d1%82%d0%b2%d0%be\/","url":"https:\/\/www.pirovano.com\/ru\/%d0%bf%d1%80%d0%be%d0%b8%d0%b7%d0%b2%d0%be%d0%b4%d1%81%d1%82%d0%b2%d0%be\/","name":"\u041f\u0440\u043e\u0438\u0437\u0432\u043e\u0434\u0441\u0442\u0432\u043e - Pirovano","isPartOf":{"@id":"https:\/\/www.pirovano.com\/it\/#website"},"datePublished":"2018-06-25T08:55:07+00:00","dateModified":"2020-06-12T07:29:48+00:00","breadcrumb":{"@id":"https:\/\/www.pirovano.com\/ru\/%d0%bf%d1%80%d0%be%d0%b8%d0%b7%d0%b2%d0%be%d0%b4%d1%81%d1%82%d0%b2%d0%be\/#breadcrumb"},"inLanguage":"ru-RU","potentialAction":[{"@type":"ReadAction","target":["https:\/\/www.pirovano.com\/ru\/%d0%bf%d1%80%d0%be%d0%b8%d0%b7%d0%b2%d0%be%d0%b4%d1%81%d1%82%d0%b2%d0%be\/"]}]},{"@type":"BreadcrumbList","@id":"https:\/\/www.pirovano.com\/ru\/%d0%bf%d1%80%d0%be%d0%b8%d0%b7%d0%b2%d0%be%d0%b4%d1%81%d1%82%d0%b2%d0%be\/#breadcrumb","itemListElement":[{"@type":"ListItem","position":1,"name":"Home","item":"https:\/\/www.pirovano.com\/ru\/"},{"@type":"ListItem","position":2,"name":"\u041f\u0440\u043e\u0438\u0437\u0432\u043e\u0434\u0441\u0442\u0432\u043e"}]},{"@type":"WebSite","@id":"https:\/\/www.pirovano.com\/it\/#website","url":"https:\/\/www.pirovano.com\/it\/","name":"https:\/\/www.pirovano.com","description":"World\u2019s leading supplier of customized industrial equipment for dosing.","publisher":{"@id":"https:\/\/www.pirovano.com\/it\/#organization"},"potentialAction":[{"@type":"SearchAction","target":{"@type":"EntryPoint","urlTemplate":"https:\/\/www.pirovano.com\/it\/?s={search_term_string}"},"query-input":"required name=search_term_string"}],"inLanguage":"ru-RU"},{"@type":"Organization","@id":"https:\/\/www.pirovano.com\/it\/#organization","name":"Pirovano s.r.l. - Impianti di Dosaggio Industriali","url":"https:\/\/www.pirovano.com\/it\/","logo":{"@type":"ImageObject","inLanguage":"ru-RU","@id":"https:\/\/www.pirovano.com\/it\/#\/schema\/logo\/image\/","url":"https:\/\/www.pirovano.com\/wp-content\/uploads\/2023\/01\/logo.png","contentUrl":"https:\/\/www.pirovano.com\/wp-content\/uploads\/2023\/01\/logo.png","width":767,"height":211,"caption":"Pirovano s.r.l. - Impianti di Dosaggio Industriali"},"image":{"@id":"https:\/\/www.pirovano.com\/it\/#\/schema\/logo\/image\/"},"sameAs":["https:\/\/www.linkedin.com\/company\/pirovano-dosing-systems"]}]}},"_links":{"self":[{"href":"https:\/\/www.pirovano.com\/ru\/wp-json\/wp\/v2\/pages\/1602"}],"collection":[{"href":"https:\/\/www.pirovano.com\/ru\/wp-json\/wp\/v2\/pages"}],"about":[{"href":"https:\/\/www.pirovano.com\/ru\/wp-json\/wp\/v2\/types\/page"}],"author":[{"embeddable":true,"href":"https:\/\/www.pirovano.com\/ru\/wp-json\/wp\/v2\/users\/1"}],"replies":[{"embeddable":true,"href":"https:\/\/www.pirovano.com\/ru\/wp-json\/wp\/v2\/comments?post=1602"}],"version-history":[{"count":3,"href":"https:\/\/www.pirovano.com\/ru\/wp-json\/wp\/v2\/pages\/1602\/revisions"}],"predecessor-version":[{"id":1605,"href":"https:\/\/www.pirovano.com\/ru\/wp-json\/wp\/v2\/pages\/1602\/revisions\/1605"}],"wp:attachment":[{"href":"https:\/\/www.pirovano.com\/ru\/wp-json\/wp\/v2\/media?parent=1602"}],"curies":[{"name":"wp","href":"https:\/\/api.w.org\/{rel}","templated":true}]}}