{"id":1831,"date":"2018-06-22T17:38:47","date_gmt":"2018-06-22T15:38:47","guid":{"rendered":"https:\/\/www.pirovano.com\/homepage\/"},"modified":"2020-06-12T09:27:06","modified_gmt":"2020-06-12T07:27:06","slug":"homepage","status":"publish","type":"page","link":"https:\/\/www.pirovano.com\/fr\/","title":{"rendered":"Home"},"content":{"rendered":"\t\t<div class=\"elementor elementor-1831\">\n\t\t\t<div class=\"elementor-inner\">\n\t\t\t\t<div class=\"elementor-section-wrap\">\n\t\t\t\t\t\t\t<section data-id=\"2fe4f1b\" class=\"elementor-element elementor-element-2fe4f1b elementor-section-stretched homepage-slide-container elementor-section-boxed elementor-section-height-default elementor-section-height-default elementor-section elementor-top-section\" data-settings=\"{&quot;stretch_section&quot;:&quot;section-stretched&quot;}\" data-element_type=\"section\">\n\t\t\t\t\t\t<div class=\"elementor-container elementor-column-gap-default\">\n\t\t\t\t<div class=\"elementor-row\">\n\t\t\t\t<div data-id=\"ef26ae5\" class=\"elementor-element elementor-element-ef26ae5 elementor-column elementor-col-100 elementor-top-column\" data-element_type=\"column\">\n\t\t\t<div class=\"elementor-column-wrap elementor-element-populated\">\n\t\t\t\t\t<div class=\"elementor-widget-wrap\">\n\t\t\t\t<div data-id=\"dd48b06\" class=\"elementor-element elementor-element-dd48b06 elementor-widget elementor-widget-html\" data-element_type=\"html.default\">\n\t\t\t\t<div class=\"elementor-widget-container\">\n\t\t\t<div id=\"metaslider-id-1824\" style=\"width: 100%;\" class=\"ml-slider-3-104-0 metaslider metaslider-nivo metaslider-1824 ml-slider slideshow ms-theme-default\" role=\"region\" aria-label=\"Homepage FR\" data-height=\"700\" data-width=\"2000\">\n    <div id=\"metaslider_container_1824\">\n        <div class='slider-wrapper theme-default'><div class='ribbon'><\/div><div id='metaslider_1824' class='nivoSlider'><img src=\"https:\/\/www.pirovano.com\/wp-content\/uploads\/2025\/01\/ECS-2025-1000x350.jpg\" height=\"700\" width=\"2000\" data-caption=\"We look forward to welcoming you! \" title=\"ECS 2025\" alt=\"European Coatings Show 2025\" class=\"slider-1824 slide-2304 msDefaultImage\" \/><img src=\"https:\/\/www.pirovano.com\/wp-content\/uploads\/2018\/06\/slide6-home-1428x500.jpg\" height=\"700\" width=\"2000\" data-caption=\"Leader mondial dans la fourniture d&#039;&eacute;quipements de dosage industriel personnalis&eacute;s.\" title=\"slide6-home\" alt=\"\" class=\"slider-1824 slide-1825 msDefaultImage\" \/><img src=\"https:\/\/www.pirovano.com\/wp-content\/uploads\/2018\/06\/slide1-home-1428x500.jpg\" height=\"700\" width=\"2000\" data-caption=\"Leader mondial dans la fourniture d&#039;&eacute;quipements de dosage industriel personnalis&eacute;s.\" title=\"slide1-home\" alt=\"\" class=\"slider-1824 slide-1826 msDefaultImage\" \/><img src=\"https:\/\/www.pirovano.com\/wp-content\/uploads\/2018\/06\/slide2-home-1428x500.jpg\" height=\"700\" width=\"2000\" data-caption=\"Leader mondial dans la fourniture d&#039;&eacute;quipements de dosage industriel personnalis&eacute;s.\" title=\"slide2-home\" alt=\"\" class=\"slider-1824 slide-1827 msDefaultImage\" \/><img src=\"https:\/\/www.pirovano.com\/wp-content\/uploads\/2018\/06\/slide3-home-1428x500.jpg\" height=\"700\" width=\"2000\" data-caption=\"Leader mondial dans la fourniture d&#039;&eacute;quipements de dosage industriel personnalis&eacute;s.\" title=\"slide3-home\" alt=\"\" class=\"slider-1824 slide-1828 msDefaultImage\" \/><img src=\"https:\/\/www.pirovano.com\/wp-content\/uploads\/2018\/06\/slide4-home-1428x500.jpg\" height=\"700\" width=\"2000\" data-caption=\"Leader mondial dans la fourniture d&#039;&eacute;quipements de dosage industriel personnalis&eacute;s.\" title=\"slide4-home\" alt=\"\" class=\"slider-1824 slide-1829 msDefaultImage\" \/><img src=\"https:\/\/www.pirovano.com\/wp-content\/uploads\/2018\/06\/slide5-home-1428x500.jpg\" height=\"700\" width=\"2000\" data-caption=\"Leader mondial dans la fourniture d&#039;&eacute;quipements de dosage industriel personnalis&eacute;s.\" title=\"slide5-home\" alt=\"\" class=\"slider-1824 slide-1830 msDefaultImage\" \/><\/div><\/div>\n        \n    <\/div>\n<\/div>\t\t<\/div>\n\t\t\t\t<\/div>\n\t\t\t\t\t\t<\/div>\n\t\t\t<\/div>\n\t\t<\/div>\n\t\t\t\t\t\t<\/div>\n\t\t\t<\/div>\n\t\t<\/section>\n\t\t\t\t<section data-id=\"3f73168\" class=\"elementor-element elementor-element-3f73168 m50 elementor-section-boxed elementor-section-height-default elementor-section-height-default elementor-section elementor-top-section\" data-element_type=\"section\">\n\t\t\t\t\t\t<div class=\"elementor-container elementor-column-gap-default\">\n\t\t\t\t<div class=\"elementor-row\">\n\t\t\t\t<div data-id=\"7e370f7\" class=\"elementor-element elementor-element-7e370f7 elementor-column elementor-col-100 elementor-top-column\" data-element_type=\"column\">\n\t\t\t<div class=\"elementor-column-wrap elementor-element-populated\">\n\t\t\t\t\t<div class=\"elementor-widget-wrap\">\n\t\t\t\t<div data-id=\"ba9c8b0\" class=\"elementor-element elementor-element-ba9c8b0 elementor-widget elementor-widget-text-editor\" data-element_type=\"text-editor.default\">\n\t\t\t\t<div class=\"elementor-widget-container\">\n\t\t\t\t\t<div class=\"elementor-text-editor elementor-clearfix\"><p>Notre soci\u00e9t\u00e9 est sp\u00e9cialis\u00e9e dans la conception, la fabrication et l&#8217;installation d&#8217;\u00e9quipements cl\u00e9 en main pour le dosage de produits fluides. Nous intervenons dans tous les secteurs o\u00f9 un soin et une pr\u00e9cision particuliers sont n\u00e9cessaires pour m\u00e9langer les diff\u00e9rents composants du fluide n\u00e9cessaires \u00e0 la pr\u00e9paration des recettes.<\/p><p>\u00a0<\/p><p>Le fait de travailler dans diff\u00e9rents domaines nous a amen\u00e9s \u00e0 aborder et \u00e0 comprendre diff\u00e9rents probl\u00e8mes de production et, par cons\u00e9quent, \u00e0 d\u00e9velopper des solutions techniques qualifi\u00e9es, fiables et uniques.<\/p><\/div>\n\t\t\t\t<\/div>\n\t\t\t\t<\/div>\n\t\t\t\t\t\t<\/div>\n\t\t\t<\/div>\n\t\t<\/div>\n\t\t\t\t\t\t<\/div>\n\t\t\t<\/div>\n\t\t<\/section>\n\t\t\t\t\t\t<\/div>\n\t\t\t<\/div>\n\t\t<\/div>\n\t\t","protected":false},"excerpt":{"rendered":"<p>La nostra azienda \u00e8 specializzata nella progettazione, costruzione ed installazione di impianti chiavi in \u200b\u200bmano, finalizzati al dosaggio dei prodotti fluidi. Lavoriamo in qualsiasi settore merceologico dove vengano richieste particolare accuratezza e precisione nella miscelazione dei vari componenti fluidi, necessari alla formulazione delle ricette. Il fatto di lavorare in molti campi ci ha portato ad &#8230;<\/p>\n","protected":false},"author":1,"featured_media":0,"parent":0,"menu_order":0,"comment_status":"closed","ping_status":"closed","template":"homepage-template.php","meta":[],"yoast_head":"<!-- This site is optimized with the Yoast SEO plugin v20.0 - https:\/\/yoast.com\/wordpress\/plugins\/seo\/ -->\n<title>Home - Pirovano<\/title>\n<meta name=\"robots\" content=\"index, follow, max-snippet:-1, max-image-preview:large, max-video-preview:-1\" \/>\n<link rel=\"canonical\" href=\"https:\/\/www.pirovano.com\/fr\/\" \/>\n<meta property=\"og:locale\" content=\"fr_FR\" \/>\n<meta property=\"og:type\" content=\"article\" \/>\n<meta property=\"og:title\" content=\"Home - Pirovano\" \/>\n<meta property=\"og:description\" content=\"La nostra azienda \u00e8 specializzata nella progettazione, costruzione ed installazione di impianti chiavi in \u200b\u200bmano, finalizzati al dosaggio dei prodotti fluidi. Lavoriamo in qualsiasi settore merceologico dove vengano richieste particolare accuratezza e precisione nella miscelazione dei vari componenti fluidi, necessari alla formulazione delle ricette. Il fatto di lavorare in molti campi ci ha portato ad ...\" \/>\n<meta property=\"og:url\" content=\"https:\/\/www.pirovano.com\/fr\/\" \/>\n<meta property=\"og:site_name\" content=\"Pirovano\" \/>\n<meta property=\"article:modified_time\" content=\"2020-06-12T07:27:06+00:00\" \/>\n<meta name=\"twitter:card\" content=\"summary_large_image\" \/>\n<script type=\"application\/ld+json\" class=\"yoast-schema-graph\">{\"@context\":\"https:\/\/schema.org\",\"@graph\":[{\"@type\":\"WebPage\",\"@id\":\"https:\/\/www.pirovano.com\/fr\/\",\"url\":\"https:\/\/www.pirovano.com\/fr\/\",\"name\":\"Home - Pirovano\",\"isPartOf\":{\"@id\":\"https:\/\/www.pirovano.com\/it\/#website\"},\"datePublished\":\"2018-06-22T15:38:47+00:00\",\"dateModified\":\"2020-06-12T07:27:06+00:00\",\"breadcrumb\":{\"@id\":\"https:\/\/www.pirovano.com\/fr\/#breadcrumb\"},\"inLanguage\":\"fr-FR\",\"potentialAction\":[{\"@type\":\"ReadAction\",\"target\":[\"https:\/\/www.pirovano.com\/fr\/\"]}]},{\"@type\":\"BreadcrumbList\",\"@id\":\"https:\/\/www.pirovano.com\/fr\/#breadcrumb\",\"itemListElement\":[{\"@type\":\"ListItem\",\"position\":1,\"name\":\"Home\",\"item\":\"https:\/\/www.pirovano.com\/fr\/\"},{\"@type\":\"ListItem\",\"position\":2,\"name\":\"Home\"}]},{\"@type\":\"WebSite\",\"@id\":\"https:\/\/www.pirovano.com\/it\/#website\",\"url\":\"https:\/\/www.pirovano.com\/it\/\",\"name\":\"https:\/\/www.pirovano.com\",\"description\":\"World\u2019s leading supplier of customized industrial equipment for dosing.\",\"publisher\":{\"@id\":\"https:\/\/www.pirovano.com\/it\/#organization\"},\"potentialAction\":[{\"@type\":\"SearchAction\",\"target\":{\"@type\":\"EntryPoint\",\"urlTemplate\":\"https:\/\/www.pirovano.com\/it\/?s={search_term_string}\"},\"query-input\":\"required name=search_term_string\"}],\"inLanguage\":\"fr-FR\"},{\"@type\":\"Organization\",\"@id\":\"https:\/\/www.pirovano.com\/it\/#organization\",\"name\":\"Pirovano s.r.l. - Impianti di Dosaggio Industriali\",\"url\":\"https:\/\/www.pirovano.com\/it\/\",\"logo\":{\"@type\":\"ImageObject\",\"inLanguage\":\"fr-FR\",\"@id\":\"https:\/\/www.pirovano.com\/it\/#\/schema\/logo\/image\/\",\"url\":\"https:\/\/www.pirovano.com\/wp-content\/uploads\/2023\/01\/logo.png\",\"contentUrl\":\"https:\/\/www.pirovano.com\/wp-content\/uploads\/2023\/01\/logo.png\",\"width\":767,\"height\":211,\"caption\":\"Pirovano s.r.l. - Impianti di Dosaggio Industriali\"},\"image\":{\"@id\":\"https:\/\/www.pirovano.com\/it\/#\/schema\/logo\/image\/\"},\"sameAs\":[\"https:\/\/www.linkedin.com\/company\/pirovano-dosing-systems\"]}]}<\/script>\n<!-- \/ Yoast SEO plugin. -->","yoast_head_json":{"title":"Home - Pirovano","robots":{"index":"index","follow":"follow","max-snippet":"max-snippet:-1","max-image-preview":"max-image-preview:large","max-video-preview":"max-video-preview:-1"},"canonical":"https:\/\/www.pirovano.com\/fr\/","og_locale":"fr_FR","og_type":"article","og_title":"Home - Pirovano","og_description":"La nostra azienda \u00e8 specializzata nella progettazione, costruzione ed installazione di impianti chiavi in \u200b\u200bmano, finalizzati al dosaggio dei prodotti fluidi. Lavoriamo in qualsiasi settore merceologico dove vengano richieste particolare accuratezza e precisione nella miscelazione dei vari componenti fluidi, necessari alla formulazione delle ricette. Il fatto di lavorare in molti campi ci ha portato ad ...","og_url":"https:\/\/www.pirovano.com\/fr\/","og_site_name":"Pirovano","article_modified_time":"2020-06-12T07:27:06+00:00","twitter_card":"summary_large_image","schema":{"@context":"https:\/\/schema.org","@graph":[{"@type":"WebPage","@id":"https:\/\/www.pirovano.com\/fr\/","url":"https:\/\/www.pirovano.com\/fr\/","name":"Home - Pirovano","isPartOf":{"@id":"https:\/\/www.pirovano.com\/it\/#website"},"datePublished":"2018-06-22T15:38:47+00:00","dateModified":"2020-06-12T07:27:06+00:00","breadcrumb":{"@id":"https:\/\/www.pirovano.com\/fr\/#breadcrumb"},"inLanguage":"fr-FR","potentialAction":[{"@type":"ReadAction","target":["https:\/\/www.pirovano.com\/fr\/"]}]},{"@type":"BreadcrumbList","@id":"https:\/\/www.pirovano.com\/fr\/#breadcrumb","itemListElement":[{"@type":"ListItem","position":1,"name":"Home","item":"https:\/\/www.pirovano.com\/fr\/"},{"@type":"ListItem","position":2,"name":"Home"}]},{"@type":"WebSite","@id":"https:\/\/www.pirovano.com\/it\/#website","url":"https:\/\/www.pirovano.com\/it\/","name":"https:\/\/www.pirovano.com","description":"World\u2019s leading supplier of customized industrial equipment for dosing.","publisher":{"@id":"https:\/\/www.pirovano.com\/it\/#organization"},"potentialAction":[{"@type":"SearchAction","target":{"@type":"EntryPoint","urlTemplate":"https:\/\/www.pirovano.com\/it\/?s={search_term_string}"},"query-input":"required name=search_term_string"}],"inLanguage":"fr-FR"},{"@type":"Organization","@id":"https:\/\/www.pirovano.com\/it\/#organization","name":"Pirovano s.r.l. - Impianti di Dosaggio Industriali","url":"https:\/\/www.pirovano.com\/it\/","logo":{"@type":"ImageObject","inLanguage":"fr-FR","@id":"https:\/\/www.pirovano.com\/it\/#\/schema\/logo\/image\/","url":"https:\/\/www.pirovano.com\/wp-content\/uploads\/2023\/01\/logo.png","contentUrl":"https:\/\/www.pirovano.com\/wp-content\/uploads\/2023\/01\/logo.png","width":767,"height":211,"caption":"Pirovano s.r.l. - Impianti di Dosaggio Industriali"},"image":{"@id":"https:\/\/www.pirovano.com\/it\/#\/schema\/logo\/image\/"},"sameAs":["https:\/\/www.linkedin.com\/company\/pirovano-dosing-systems"]}]}},"_links":{"self":[{"href":"https:\/\/www.pirovano.com\/fr\/wp-json\/wp\/v2\/pages\/1831"}],"collection":[{"href":"https:\/\/www.pirovano.com\/fr\/wp-json\/wp\/v2\/pages"}],"about":[{"href":"https:\/\/www.pirovano.com\/fr\/wp-json\/wp\/v2\/types\/page"}],"author":[{"embeddable":true,"href":"https:\/\/www.pirovano.com\/fr\/wp-json\/wp\/v2\/users\/1"}],"replies":[{"embeddable":true,"href":"https:\/\/www.pirovano.com\/fr\/wp-json\/wp\/v2\/comments?post=1831"}],"version-history":[{"count":2,"href":"https:\/\/www.pirovano.com\/fr\/wp-json\/wp\/v2\/pages\/1831\/revisions"}],"predecessor-version":[{"id":1833,"href":"https:\/\/www.pirovano.com\/fr\/wp-json\/wp\/v2\/pages\/1831\/revisions\/1833"}],"wp:attachment":[{"href":"https:\/\/www.pirovano.com\/fr\/wp-json\/wp\/v2\/media?parent=1831"}],"curies":[{"name":"wp","href":"https:\/\/api.w.org\/{rel}","templated":true}]}}