{"id":1358,"date":"2018-06-25T10:55:07","date_gmt":"2018-06-25T08:55:07","guid":{"rendered":"https:\/\/www.pirovano.com\/unita-produttiva\/"},"modified":"2020-06-12T09:30:25","modified_gmt":"2020-06-12T07:30:25","slug":"planta-de-produccion","status":"publish","type":"page","link":"https:\/\/www.pirovano.com\/es\/planta-de-produccion\/","title":{"rendered":"Planta de producci\u00f3n"},"content":{"rendered":"\t\t<div class=\"elementor elementor-1358\">\n\t\t\t<div class=\"elementor-inner\">\n\t\t\t\t<div class=\"elementor-section-wrap\">\n\t\t\t\t\t\t\t<section data-id=\"8f2b892\" class=\"elementor-element elementor-element-8f2b892 elementor-section-boxed elementor-section-height-default elementor-section-height-default elementor-section elementor-top-section\" data-element_type=\"section\">\n\t\t\t\t\t\t<div class=\"elementor-container elementor-column-gap-default\">\n\t\t\t\t<div class=\"elementor-row\">\n\t\t\t\t<div data-id=\"a3da381\" class=\"elementor-element elementor-element-a3da381 elementor-column elementor-col-100 elementor-top-column\" data-element_type=\"column\">\n\t\t\t<div class=\"elementor-column-wrap elementor-element-populated\">\n\t\t\t\t\t<div class=\"elementor-widget-wrap\">\n\t\t\t\t<div data-id=\"4abe2f4\" class=\"elementor-element elementor-element-4abe2f4 elementor-widget elementor-widget-text-editor\" data-element_type=\"text-editor.default\">\n\t\t\t\t<div class=\"elementor-widget-container\">\n\t\t\t\t\t<div class=\"elementor-text-editor elementor-clearfix\"><p>Situada a tan solo unos kil\u00f3metros de la ciudad de Mil\u00e1n y del Aeropuerto Malpensa de Mil\u00e1n, el nuevo edificio de Pirovano expresa la mentalidad creativa, moderna y elegante de nuestra empresa.<\/p><p><br \/>Este es el lugar al que nuestro personal le gusta llegar cada d\u00eda; el lugar donde nuestros departamentos t\u00e9cnicos y de producci\u00f3n dise\u00f1an y fabrican soluciones personalizadas con capacidad para responder a las necesidades de producci\u00f3n de nuestros clientes; el lugar donde producimos, probamos y mostramos todos nuestros sistemas antes de su embalaje y env\u00edo; el lugar desde el que (mediante asistencia remota) nuestro Servicio Postventa puede comunicarse \u00e1gilmente con nuestros sistemas ubicados en todo el mundo; el lugar donde tienen su sede los departamentos de contabilidad, ventas y direcci\u00f3n de la empresa.<\/p><\/div>\n\t\t\t\t<\/div>\n\t\t\t\t<\/div>\n\t\t\t\t\t\t<\/div>\n\t\t\t<\/div>\n\t\t<\/div>\n\t\t\t\t\t\t<\/div>\n\t\t\t<\/div>\n\t\t<\/section>\n\t\t\t\t<section data-id=\"4ab85cb\" class=\"elementor-element elementor-element-4ab85cb elementor-section-boxed elementor-section-height-default elementor-section-height-default elementor-section elementor-top-section\" data-element_type=\"section\">\n\t\t\t\t\t\t<div class=\"elementor-container elementor-column-gap-default\">\n\t\t\t\t<div class=\"elementor-row\">\n\t\t\t\t<div data-id=\"2ffd476\" class=\"elementor-element elementor-element-2ffd476 elementor-column elementor-col-100 elementor-top-column\" data-element_type=\"column\">\n\t\t\t<div class=\"elementor-column-wrap elementor-element-populated\">\n\t\t\t\t\t<div class=\"elementor-widget-wrap\">\n\t\t\t\t<div data-id=\"e258ac7\" class=\"elementor-element elementor-element-e258ac7 elementor-widget elementor-widget-spacer\" data-element_type=\"spacer.default\">\n\t\t\t\t<div class=\"elementor-widget-container\">\n\t\t\t\t\t<div class=\"elementor-spacer\">\n\t\t\t<div class=\"elementor-spacer-inner\"><\/div>\n\t\t<\/div>\n\t\t\t\t<\/div>\n\t\t\t\t<\/div>\n\t\t\t\t\t\t<\/div>\n\t\t\t<\/div>\n\t\t<\/div>\n\t\t\t\t\t\t<\/div>\n\t\t\t<\/div>\n\t\t<\/section>\n\t\t\t\t<section data-id=\"82f2d37\" class=\"elementor-element elementor-element-82f2d37 elementor-section-stretched full-width elementor-section-boxed elementor-section-height-default elementor-section-height-default elementor-section elementor-top-section\" data-settings=\"{&quot;stretch_section&quot;:&quot;section-stretched&quot;}\" data-element_type=\"section\">\n\t\t\t\t\t\t<div class=\"elementor-container elementor-column-gap-default\">\n\t\t\t\t<div class=\"elementor-row\">\n\t\t\t\t<div data-id=\"be46eed\" class=\"elementor-element elementor-element-be46eed elementor-column elementor-col-100 elementor-top-column\" data-element_type=\"column\">\n\t\t\t<div class=\"elementor-column-wrap elementor-element-populated\">\n\t\t\t\t\t<div class=\"elementor-widget-wrap\">\n\t\t\t\t<div data-id=\"3fbd42e\" class=\"elementor-element elementor-element-3fbd42e elementor-widget elementor-widget-image-carousel\" data-settings=\"{&quot;navigation&quot;:&quot;arrows&quot;,&quot;pause_on_hover&quot;:&quot;yes&quot;,&quot;autoplay&quot;:&quot;yes&quot;,&quot;autoplay_speed&quot;:5000,&quot;infinite&quot;:&quot;yes&quot;,&quot;speed&quot;:500,&quot;direction&quot;:&quot;ltr&quot;}\" data-element_type=\"image-carousel.default\">\n\t\t\t\t<div class=\"elementor-widget-container\">\n\t\t\t\t\t<div class=\"elementor-image-carousel-wrapper elementor-slick-slider\" dir=\"ltr\">\n\t\t\t<div class=\"elementor-image-carousel slick-arrows-inside\">\n\t\t\t\t<div class=\"slick-slide\"><figure class=\"slick-slide-inner\"><a href=\"https:\/\/www.pirovano.com\/wp-content\/uploads\/2018\/08\/DSC_0505.jpg\" data-elementor-open-lightbox=\"yes\" data-elementor-lightbox-slideshow=\"3fbd42e\" data-elementor-lightbox-index=\"0\"><img decoding=\"async\" class=\"slick-slide-image\" src=\"https:\/\/www.pirovano.com\/wp-content\/uploads\/elementor\/thumbs\/DSC_0505-nvx0ymj0zjvptblo0lhrofi4r71ex3yrf09izuq7co.jpg\" alt=\"DSC_0505\" \/><\/a><\/figure><\/div><div class=\"slick-slide\"><figure class=\"slick-slide-inner\"><a href=\"https:\/\/www.pirovano.com\/wp-content\/uploads\/2018\/08\/B0000099.jpg\" data-elementor-open-lightbox=\"yes\" data-elementor-lightbox-slideshow=\"3fbd42e\" data-elementor-lightbox-index=\"1\"><img decoding=\"async\" class=\"slick-slide-image\" src=\"https:\/\/www.pirovano.com\/wp-content\/uploads\/elementor\/thumbs\/B0000099-nvx0ymj0zjvptblo0lhrofi4r71ex3yrf09izuq7co.jpg\" alt=\"B0000099\" \/><\/a><\/figure><\/div><div class=\"slick-slide\"><figure class=\"slick-slide-inner\"><a href=\"https:\/\/www.pirovano.com\/wp-content\/uploads\/2018\/08\/B0000046pano.jpg\" data-elementor-open-lightbox=\"yes\" data-elementor-lightbox-slideshow=\"3fbd42e\" data-elementor-lightbox-index=\"2\"><img decoding=\"async\" class=\"slick-slide-image\" src=\"https:\/\/www.pirovano.com\/wp-content\/uploads\/elementor\/thumbs\/B0000046pano-nvx0yknclvt563oebkoijfz7kfaohpraqqyk1aszp4.jpg\" alt=\"B0000046pano\" \/><\/a><\/figure><\/div><div class=\"slick-slide\"><figure class=\"slick-slide-inner\"><a href=\"https:\/\/www.pirovano.com\/wp-content\/uploads\/2018\/08\/B0000094.jpg\" data-elementor-open-lightbox=\"yes\" data-elementor-lightbox-slideshow=\"3fbd42e\" data-elementor-lightbox-index=\"3\"><img decoding=\"async\" class=\"slick-slide-image\" src=\"https:\/\/www.pirovano.com\/wp-content\/uploads\/elementor\/thumbs\/B0000094-nvx0yjpif1ruuhprh29vyy7qz1fba0nkemb2k0udvc.jpg\" alt=\"B0000094\" \/><\/a><\/figure><\/div><div class=\"slick-slide\"><figure class=\"slick-slide-inner\"><a href=\"https:\/\/www.pirovano.com\/wp-content\/uploads\/2018\/08\/B0000066.jpg\" data-elementor-open-lightbox=\"yes\" data-elementor-lightbox-slideshow=\"3fbd42e\" data-elementor-lightbox-index=\"4\"><img decoding=\"async\" class=\"slick-slide-image\" src=\"https:\/\/www.pirovano.com\/wp-content\/uploads\/elementor\/thumbs\/B0000066-nvx0yqadqw0v3rg7en49yejz4qivrwdorivgwykmns.jpg\" alt=\"B0000066\" \/><\/a><\/figure><\/div><div class=\"slick-slide\"><figure class=\"slick-slide-inner\"><a href=\"https:\/\/www.pirovano.com\/wp-content\/uploads\/2018\/08\/B0000056.jpg\" data-elementor-open-lightbox=\"yes\" data-elementor-lightbox-slideshow=\"3fbd42e\" data-elementor-lightbox-index=\"5\"><img decoding=\"async\" class=\"slick-slide-image\" src=\"https:\/\/www.pirovano.com\/wp-content\/uploads\/elementor\/thumbs\/B0000056-nvx0yngv6dx04xkav3we8x9lckws4t2hr4x0h4ot6g.jpg\" alt=\"B0000056\" \/><\/a><\/figure><\/div><div class=\"slick-slide\"><figure class=\"slick-slide-inner\"><a href=\"https:\/\/www.pirovano.com\/wp-content\/uploads\/2018\/08\/B0000046persone.jpg\" data-elementor-open-lightbox=\"yes\" data-elementor-lightbox-slideshow=\"3fbd42e\" data-elementor-lightbox-index=\"6\"><img decoding=\"async\" class=\"slick-slide-image\" src=\"https:\/\/www.pirovano.com\/wp-content\/uploads\/elementor\/thumbs\/B0000046persone-nvx0yngv6dx04xkav3we8x9lckws4t2hr4x0h4ot6g.jpg\" alt=\"B0000046persone\" \/><\/a><\/figure><\/div>\t\t\t<\/div>\n\t\t<\/div>\n\t\t\t\t<\/div>\n\t\t\t\t<\/div>\n\t\t\t\t\t\t<\/div>\n\t\t\t<\/div>\n\t\t<\/div>\n\t\t\t\t\t\t<\/div>\n\t\t\t<\/div>\n\t\t<\/section>\n\t\t\t\t\t\t<\/div>\n\t\t\t<\/div>\n\t\t<\/div>\n\t\t","protected":false},"excerpt":{"rendered":"<p>Situato a pochi chilometri di distanza dalla citt\u00e0 di Milano e dall&#8217;aeroporto di Milano Malpensa, il nuovo edificio della Pirovano esprime la mentalit\u00e0 creativa, moderna ed elegante della nostra azienda. Questo \u00e8 il luogo dove al nostro team piace venire ogni giorno; il luogo in cui i nostri reparti tecnico-produttivi progettano e realizzano quelle soluzioni &#8230;<\/p>\n","protected":false},"author":1,"featured_media":0,"parent":0,"menu_order":0,"comment_status":"closed","ping_status":"closed","template":"","meta":[],"yoast_head":"<!-- This site is optimized with the Yoast SEO plugin v20.0 - https:\/\/yoast.com\/wordpress\/plugins\/seo\/ -->\n<title>Planta de producci\u00f3n - Pirovano<\/title>\n<meta name=\"robots\" content=\"index, follow, max-snippet:-1, max-image-preview:large, max-video-preview:-1\" \/>\n<link rel=\"canonical\" href=\"https:\/\/www.pirovano.com\/es\/planta-de-produccion\/\" \/>\n<meta property=\"og:locale\" content=\"es_ES\" \/>\n<meta property=\"og:type\" content=\"article\" \/>\n<meta property=\"og:title\" content=\"Planta de producci\u00f3n - Pirovano\" \/>\n<meta property=\"og:description\" content=\"Situato a pochi chilometri di distanza dalla citt\u00e0 di Milano e dall&#8217;aeroporto di Milano Malpensa, il nuovo edificio della Pirovano esprime la mentalit\u00e0 creativa, moderna ed elegante della nostra azienda. Questo \u00e8 il luogo dove al nostro team piace venire ogni giorno; il luogo in cui i nostri reparti tecnico-produttivi progettano e realizzano quelle soluzioni ...\" \/>\n<meta property=\"og:url\" content=\"https:\/\/www.pirovano.com\/es\/planta-de-produccion\/\" \/>\n<meta property=\"og:site_name\" content=\"Pirovano\" \/>\n<meta property=\"article:modified_time\" content=\"2020-06-12T07:30:25+00:00\" \/>\n<meta property=\"og:image\" content=\"https:\/\/www.pirovano.com\/wp-content\/uploads\/elementor\/thumbs\/DSC_0505-nvx0ymj0zjvptblo0lhrofi4r71ex3yrf09izuq7co.jpg\" \/>\n<meta name=\"twitter:card\" content=\"summary_large_image\" \/>\n<meta name=\"twitter:label1\" content=\"Tiempo de lectura\" \/>\n\t<meta name=\"twitter:data1\" content=\"1 minuto\" \/>\n<script type=\"application\/ld+json\" class=\"yoast-schema-graph\">{\"@context\":\"https:\/\/schema.org\",\"@graph\":[{\"@type\":\"WebPage\",\"@id\":\"https:\/\/www.pirovano.com\/es\/planta-de-produccion\/\",\"url\":\"https:\/\/www.pirovano.com\/es\/planta-de-produccion\/\",\"name\":\"Planta de producci\u00f3n - Pirovano\",\"isPartOf\":{\"@id\":\"https:\/\/www.pirovano.com\/it\/#website\"},\"datePublished\":\"2018-06-25T08:55:07+00:00\",\"dateModified\":\"2020-06-12T07:30:25+00:00\",\"breadcrumb\":{\"@id\":\"https:\/\/www.pirovano.com\/es\/planta-de-produccion\/#breadcrumb\"},\"inLanguage\":\"es\",\"potentialAction\":[{\"@type\":\"ReadAction\",\"target\":[\"https:\/\/www.pirovano.com\/es\/planta-de-produccion\/\"]}]},{\"@type\":\"BreadcrumbList\",\"@id\":\"https:\/\/www.pirovano.com\/es\/planta-de-produccion\/#breadcrumb\",\"itemListElement\":[{\"@type\":\"ListItem\",\"position\":1,\"name\":\"Home\",\"item\":\"https:\/\/www.pirovano.com\/es\/\"},{\"@type\":\"ListItem\",\"position\":2,\"name\":\"Planta de producci\u00f3n\"}]},{\"@type\":\"WebSite\",\"@id\":\"https:\/\/www.pirovano.com\/it\/#website\",\"url\":\"https:\/\/www.pirovano.com\/it\/\",\"name\":\"https:\/\/www.pirovano.com\",\"description\":\"World\u2019s leading supplier of customized industrial equipment for dosing.\",\"publisher\":{\"@id\":\"https:\/\/www.pirovano.com\/it\/#organization\"},\"potentialAction\":[{\"@type\":\"SearchAction\",\"target\":{\"@type\":\"EntryPoint\",\"urlTemplate\":\"https:\/\/www.pirovano.com\/it\/?s={search_term_string}\"},\"query-input\":\"required name=search_term_string\"}],\"inLanguage\":\"es\"},{\"@type\":\"Organization\",\"@id\":\"https:\/\/www.pirovano.com\/it\/#organization\",\"name\":\"Pirovano s.r.l. - Impianti di Dosaggio Industriali\",\"url\":\"https:\/\/www.pirovano.com\/it\/\",\"logo\":{\"@type\":\"ImageObject\",\"inLanguage\":\"es\",\"@id\":\"https:\/\/www.pirovano.com\/it\/#\/schema\/logo\/image\/\",\"url\":\"https:\/\/www.pirovano.com\/wp-content\/uploads\/2023\/01\/logo.png\",\"contentUrl\":\"https:\/\/www.pirovano.com\/wp-content\/uploads\/2023\/01\/logo.png\",\"width\":767,\"height\":211,\"caption\":\"Pirovano s.r.l. - Impianti di Dosaggio Industriali\"},\"image\":{\"@id\":\"https:\/\/www.pirovano.com\/it\/#\/schema\/logo\/image\/\"},\"sameAs\":[\"https:\/\/www.linkedin.com\/company\/pirovano-dosing-systems\"]}]}<\/script>\n<!-- \/ Yoast SEO plugin. -->","yoast_head_json":{"title":"Planta de producci\u00f3n - Pirovano","robots":{"index":"index","follow":"follow","max-snippet":"max-snippet:-1","max-image-preview":"max-image-preview:large","max-video-preview":"max-video-preview:-1"},"canonical":"https:\/\/www.pirovano.com\/es\/planta-de-produccion\/","og_locale":"es_ES","og_type":"article","og_title":"Planta de producci\u00f3n - Pirovano","og_description":"Situato a pochi chilometri di distanza dalla citt\u00e0 di Milano e dall&#8217;aeroporto di Milano Malpensa, il nuovo edificio della Pirovano esprime la mentalit\u00e0 creativa, moderna ed elegante della nostra azienda. Questo \u00e8 il luogo dove al nostro team piace venire ogni giorno; il luogo in cui i nostri reparti tecnico-produttivi progettano e realizzano quelle soluzioni ...","og_url":"https:\/\/www.pirovano.com\/es\/planta-de-produccion\/","og_site_name":"Pirovano","article_modified_time":"2020-06-12T07:30:25+00:00","og_image":[{"url":"https:\/\/www.pirovano.com\/wp-content\/uploads\/elementor\/thumbs\/DSC_0505-nvx0ymj0zjvptblo0lhrofi4r71ex3yrf09izuq7co.jpg"}],"twitter_card":"summary_large_image","twitter_misc":{"Tiempo de lectura":"1 minuto"},"schema":{"@context":"https:\/\/schema.org","@graph":[{"@type":"WebPage","@id":"https:\/\/www.pirovano.com\/es\/planta-de-produccion\/","url":"https:\/\/www.pirovano.com\/es\/planta-de-produccion\/","name":"Planta de producci\u00f3n - Pirovano","isPartOf":{"@id":"https:\/\/www.pirovano.com\/it\/#website"},"datePublished":"2018-06-25T08:55:07+00:00","dateModified":"2020-06-12T07:30:25+00:00","breadcrumb":{"@id":"https:\/\/www.pirovano.com\/es\/planta-de-produccion\/#breadcrumb"},"inLanguage":"es","potentialAction":[{"@type":"ReadAction","target":["https:\/\/www.pirovano.com\/es\/planta-de-produccion\/"]}]},{"@type":"BreadcrumbList","@id":"https:\/\/www.pirovano.com\/es\/planta-de-produccion\/#breadcrumb","itemListElement":[{"@type":"ListItem","position":1,"name":"Home","item":"https:\/\/www.pirovano.com\/es\/"},{"@type":"ListItem","position":2,"name":"Planta de producci\u00f3n"}]},{"@type":"WebSite","@id":"https:\/\/www.pirovano.com\/it\/#website","url":"https:\/\/www.pirovano.com\/it\/","name":"https:\/\/www.pirovano.com","description":"World\u2019s leading supplier of customized industrial equipment for dosing.","publisher":{"@id":"https:\/\/www.pirovano.com\/it\/#organization"},"potentialAction":[{"@type":"SearchAction","target":{"@type":"EntryPoint","urlTemplate":"https:\/\/www.pirovano.com\/it\/?s={search_term_string}"},"query-input":"required name=search_term_string"}],"inLanguage":"es"},{"@type":"Organization","@id":"https:\/\/www.pirovano.com\/it\/#organization","name":"Pirovano s.r.l. - Impianti di Dosaggio Industriali","url":"https:\/\/www.pirovano.com\/it\/","logo":{"@type":"ImageObject","inLanguage":"es","@id":"https:\/\/www.pirovano.com\/it\/#\/schema\/logo\/image\/","url":"https:\/\/www.pirovano.com\/wp-content\/uploads\/2023\/01\/logo.png","contentUrl":"https:\/\/www.pirovano.com\/wp-content\/uploads\/2023\/01\/logo.png","width":767,"height":211,"caption":"Pirovano s.r.l. - Impianti di Dosaggio Industriali"},"image":{"@id":"https:\/\/www.pirovano.com\/it\/#\/schema\/logo\/image\/"},"sameAs":["https:\/\/www.linkedin.com\/company\/pirovano-dosing-systems"]}]}},"_links":{"self":[{"href":"https:\/\/www.pirovano.com\/es\/wp-json\/wp\/v2\/pages\/1358"}],"collection":[{"href":"https:\/\/www.pirovano.com\/es\/wp-json\/wp\/v2\/pages"}],"about":[{"href":"https:\/\/www.pirovano.com\/es\/wp-json\/wp\/v2\/types\/page"}],"author":[{"embeddable":true,"href":"https:\/\/www.pirovano.com\/es\/wp-json\/wp\/v2\/users\/1"}],"replies":[{"embeddable":true,"href":"https:\/\/www.pirovano.com\/es\/wp-json\/wp\/v2\/comments?post=1358"}],"version-history":[{"count":3,"href":"https:\/\/www.pirovano.com\/es\/wp-json\/wp\/v2\/pages\/1358\/revisions"}],"predecessor-version":[{"id":1361,"href":"https:\/\/www.pirovano.com\/es\/wp-json\/wp\/v2\/pages\/1358\/revisions\/1361"}],"wp:attachment":[{"href":"https:\/\/www.pirovano.com\/es\/wp-json\/wp\/v2\/media?parent=1358"}],"curies":[{"name":"wp","href":"https:\/\/api.w.org\/{rel}","templated":true}]}}