{"id":1286,"date":"2018-06-22T17:38:47","date_gmt":"2018-06-22T15:38:47","guid":{"rendered":"https:\/\/www.pirovano.com\/homepage\/"},"modified":"2020-06-12T09:28:26","modified_gmt":"2020-06-12T07:28:26","slug":"homepage","status":"publish","type":"page","link":"https:\/\/www.pirovano.com\/de\/","title":{"rendered":"Home"},"content":{"rendered":"\t\t<div class=\"elementor elementor-1286\">\n\t\t\t<div class=\"elementor-inner\">\n\t\t\t\t<div class=\"elementor-section-wrap\">\n\t\t\t\t\t\t\t<section data-id=\"2fe4f1b\" class=\"elementor-element elementor-element-2fe4f1b elementor-section-stretched homepage-slide-container elementor-section-boxed elementor-section-height-default elementor-section-height-default elementor-section elementor-top-section\" data-settings=\"{&quot;stretch_section&quot;:&quot;section-stretched&quot;}\" data-element_type=\"section\">\n\t\t\t\t\t\t<div class=\"elementor-container elementor-column-gap-default\">\n\t\t\t\t<div class=\"elementor-row\">\n\t\t\t\t<div data-id=\"ef26ae5\" class=\"elementor-element elementor-element-ef26ae5 elementor-column elementor-col-100 elementor-top-column\" data-element_type=\"column\">\n\t\t\t<div class=\"elementor-column-wrap elementor-element-populated\">\n\t\t\t\t\t<div class=\"elementor-widget-wrap\">\n\t\t\t\t<div data-id=\"dd48b06\" class=\"elementor-element elementor-element-dd48b06 elementor-widget elementor-widget-html\" data-element_type=\"html.default\">\n\t\t\t\t<div class=\"elementor-widget-container\">\n\t\t\t<div id=\"metaslider-id-1384\" style=\"width: 100%;\" class=\"ml-slider-3-104-0 metaslider metaslider-nivo metaslider-1384 ml-slider slideshow ms-theme-default\" role=\"region\" aria-label=\"Homepage DE\" data-height=\"700\" data-width=\"2000\">\n    <div id=\"metaslider_container_1384\">\n        <div class='slider-wrapper theme-default'><div class='ribbon'><\/div><div id='metaslider_1384' class='nivoSlider'><img src=\"https:\/\/www.pirovano.com\/wp-content\/uploads\/2018\/06\/slide6-home-1428x500.jpg\" height=\"700\" width=\"2000\" data-caption=\"Weltweit f&uuml;hrender Zulieferer von ma&szlig;gefertigten Industrie-Dosieranlagen.\" title=\"slide6-home\" alt=\"\" class=\"slider-1384 slide-1385 msDefaultImage\" \/><img src=\"https:\/\/www.pirovano.com\/wp-content\/uploads\/2018\/06\/slide1-home-1428x500.jpg\" height=\"700\" width=\"2000\" data-caption=\"Weltweit f&uuml;hrender Zulieferer von ma&szlig;gefertigten Industrie-Dosieranlagen.\" title=\"slide1-home\" alt=\"\" class=\"slider-1384 slide-1386 msDefaultImage\" \/><img src=\"https:\/\/www.pirovano.com\/wp-content\/uploads\/2018\/06\/slide2-home-1428x500.jpg\" height=\"700\" width=\"2000\" data-caption=\"Weltweit f&uuml;hrender Zulieferer von ma&szlig;gefertigten Industrie-Dosieranlagen.\" title=\"slide2-home\" alt=\"\" class=\"slider-1384 slide-1387 msDefaultImage\" \/><img src=\"https:\/\/www.pirovano.com\/wp-content\/uploads\/2018\/06\/slide3-home-1428x500.jpg\" height=\"700\" width=\"2000\" data-caption=\"Weltweit f&uuml;hrender Zulieferer von ma&szlig;gefertigten Industrie-Dosieranlagen.\" title=\"slide3-home\" alt=\"\" class=\"slider-1384 slide-1388 msDefaultImage\" \/><img src=\"https:\/\/www.pirovano.com\/wp-content\/uploads\/2018\/06\/slide4-home-1428x500.jpg\" height=\"700\" width=\"2000\" data-caption=\"Weltweit f&uuml;hrender Zulieferer von ma&szlig;gefertigten Industrie-Dosieranlagen.\" title=\"slide4-home\" alt=\"\" class=\"slider-1384 slide-1389 msDefaultImage\" \/><img src=\"https:\/\/www.pirovano.com\/wp-content\/uploads\/2018\/06\/slide5-home-1428x500.jpg\" height=\"700\" width=\"2000\" data-caption=\"Weltweit f&uuml;hrender Zulieferer von ma&szlig;gefertigten Industrie-Dosieranlagen.\" title=\"slide5-home\" alt=\"\" class=\"slider-1384 slide-1390 msDefaultImage\" \/><\/div><\/div>\n        \n    <\/div>\n<\/div>\t\t<\/div>\n\t\t\t\t<\/div>\n\t\t\t\t\t\t<\/div>\n\t\t\t<\/div>\n\t\t<\/div>\n\t\t\t\t\t\t<\/div>\n\t\t\t<\/div>\n\t\t<\/section>\n\t\t\t\t<section data-id=\"3f73168\" class=\"elementor-element elementor-element-3f73168 m50 elementor-section-boxed elementor-section-height-default elementor-section-height-default elementor-section elementor-top-section\" data-element_type=\"section\">\n\t\t\t\t\t\t<div class=\"elementor-container elementor-column-gap-default\">\n\t\t\t\t<div class=\"elementor-row\">\n\t\t\t\t<div data-id=\"7e370f7\" class=\"elementor-element elementor-element-7e370f7 elementor-column elementor-col-100 elementor-top-column\" data-element_type=\"column\">\n\t\t\t<div class=\"elementor-column-wrap elementor-element-populated\">\n\t\t\t\t\t<div class=\"elementor-widget-wrap\">\n\t\t\t\t<div data-id=\"ba9c8b0\" class=\"elementor-element elementor-element-ba9c8b0 elementor-widget elementor-widget-text-editor\" data-element_type=\"text-editor.default\">\n\t\t\t\t<div class=\"elementor-widget-container\">\n\t\t\t\t\t<div class=\"elementor-text-editor elementor-clearfix\"><p>Unser Unternehmen ist auf die Entwicklung, die Fertigung und die Installation von schl\u00fcsselfertigen Anlagen f\u00fcr das Dosieren von fl\u00fcssigen Erzeugnissen spezialisiert. Wir sind in jedem Bereich t\u00e4tig, in dem eine besondere Sorgfalt und Genauigkeit der Mischung der unterschiedlichen fl\u00fcssigen Komponenten, die f\u00fcr die Zubereitung der Rezepte erforderlich sind, gefordert werden.<\/p><p>Die Tatsache, auf vielen Gebieten t\u00e4tig zu sein, hat uns dazu gebracht, unterschiedlichen Problemen zu begegnen, die es uns erm\u00f6glicht haben, eine zuverl\u00e4ssige und einzigartige Qualit\u00e4tstechnologie zu entwickeln.<\/p><\/div>\n\t\t\t\t<\/div>\n\t\t\t\t<\/div>\n\t\t\t\t\t\t<\/div>\n\t\t\t<\/div>\n\t\t<\/div>\n\t\t\t\t\t\t<\/div>\n\t\t\t<\/div>\n\t\t<\/section>\n\t\t\t\t\t\t<\/div>\n\t\t\t<\/div>\n\t\t<\/div>\n\t\t","protected":false},"excerpt":{"rendered":"<p>Unser Unternehmen ist auf die Entwicklung, die Fertigung und die Installation von schl\u00fcsselfertigen Anlagen f\u00fcr das Dosieren von fl\u00fcssigen Erzeugnissen spezialisiert. Wir sind in jedem Bereich t\u00e4tig, in dem eine besondere Sorgfalt und Genauigkeit der Mischung der unterschiedlichen fl\u00fcssigen Komponenten, die f\u00fcr die Zubereitung der Rezepte erforderlich sind, gefordert werden. Die Tatsache, auf vielen Gebieten &#8230;<\/p>\n","protected":false},"author":1,"featured_media":0,"parent":0,"menu_order":0,"comment_status":"closed","ping_status":"closed","template":"homepage-template.php","meta":[],"yoast_head":"<!-- This site is optimized with the Yoast SEO plugin v20.0 - https:\/\/yoast.com\/wordpress\/plugins\/seo\/ -->\n<title>Home - Pirovano<\/title>\n<meta name=\"robots\" content=\"index, follow, max-snippet:-1, max-image-preview:large, max-video-preview:-1\" \/>\n<link rel=\"canonical\" href=\"https:\/\/www.pirovano.com\/de\/\" \/>\n<meta property=\"og:locale\" content=\"de_DE\" \/>\n<meta property=\"og:type\" content=\"article\" \/>\n<meta property=\"og:title\" content=\"Home - Pirovano\" \/>\n<meta property=\"og:description\" content=\"Unser Unternehmen ist auf die Entwicklung, die Fertigung und die Installation von schl\u00fcsselfertigen Anlagen f\u00fcr das Dosieren von fl\u00fcssigen Erzeugnissen spezialisiert. Wir sind in jedem Bereich t\u00e4tig, in dem eine besondere Sorgfalt und Genauigkeit der Mischung der unterschiedlichen fl\u00fcssigen Komponenten, die f\u00fcr die Zubereitung der Rezepte erforderlich sind, gefordert werden. Die Tatsache, auf vielen Gebieten ...\" \/>\n<meta property=\"og:url\" content=\"https:\/\/www.pirovano.com\/de\/\" \/>\n<meta property=\"og:site_name\" content=\"Pirovano\" \/>\n<meta property=\"article:modified_time\" content=\"2020-06-12T07:28:26+00:00\" \/>\n<meta name=\"twitter:card\" content=\"summary_large_image\" \/>\n<script type=\"application\/ld+json\" class=\"yoast-schema-graph\">{\"@context\":\"https:\/\/schema.org\",\"@graph\":[{\"@type\":\"WebPage\",\"@id\":\"https:\/\/www.pirovano.com\/de\/\",\"url\":\"https:\/\/www.pirovano.com\/de\/\",\"name\":\"Home - Pirovano\",\"isPartOf\":{\"@id\":\"https:\/\/www.pirovano.com\/it\/#website\"},\"datePublished\":\"2018-06-22T15:38:47+00:00\",\"dateModified\":\"2020-06-12T07:28:26+00:00\",\"breadcrumb\":{\"@id\":\"https:\/\/www.pirovano.com\/de\/#breadcrumb\"},\"inLanguage\":\"de\",\"potentialAction\":[{\"@type\":\"ReadAction\",\"target\":[\"https:\/\/www.pirovano.com\/de\/\"]}]},{\"@type\":\"BreadcrumbList\",\"@id\":\"https:\/\/www.pirovano.com\/de\/#breadcrumb\",\"itemListElement\":[{\"@type\":\"ListItem\",\"position\":1,\"name\":\"Home\",\"item\":\"https:\/\/www.pirovano.com\/de\/\"},{\"@type\":\"ListItem\",\"position\":2,\"name\":\"Home\"}]},{\"@type\":\"WebSite\",\"@id\":\"https:\/\/www.pirovano.com\/it\/#website\",\"url\":\"https:\/\/www.pirovano.com\/it\/\",\"name\":\"https:\/\/www.pirovano.com\",\"description\":\"World\u2019s leading supplier of customized industrial equipment for dosing.\",\"publisher\":{\"@id\":\"https:\/\/www.pirovano.com\/it\/#organization\"},\"potentialAction\":[{\"@type\":\"SearchAction\",\"target\":{\"@type\":\"EntryPoint\",\"urlTemplate\":\"https:\/\/www.pirovano.com\/it\/?s={search_term_string}\"},\"query-input\":\"required name=search_term_string\"}],\"inLanguage\":\"de\"},{\"@type\":\"Organization\",\"@id\":\"https:\/\/www.pirovano.com\/it\/#organization\",\"name\":\"Pirovano s.r.l. - Impianti di Dosaggio Industriali\",\"url\":\"https:\/\/www.pirovano.com\/it\/\",\"logo\":{\"@type\":\"ImageObject\",\"inLanguage\":\"de\",\"@id\":\"https:\/\/www.pirovano.com\/it\/#\/schema\/logo\/image\/\",\"url\":\"https:\/\/www.pirovano.com\/wp-content\/uploads\/2023\/01\/logo.png\",\"contentUrl\":\"https:\/\/www.pirovano.com\/wp-content\/uploads\/2023\/01\/logo.png\",\"width\":767,\"height\":211,\"caption\":\"Pirovano s.r.l. - Impianti di Dosaggio Industriali\"},\"image\":{\"@id\":\"https:\/\/www.pirovano.com\/it\/#\/schema\/logo\/image\/\"},\"sameAs\":[\"https:\/\/www.linkedin.com\/company\/pirovano-dosing-systems\"]}]}<\/script>\n<!-- \/ Yoast SEO plugin. -->","yoast_head_json":{"title":"Home - Pirovano","robots":{"index":"index","follow":"follow","max-snippet":"max-snippet:-1","max-image-preview":"max-image-preview:large","max-video-preview":"max-video-preview:-1"},"canonical":"https:\/\/www.pirovano.com\/de\/","og_locale":"de_DE","og_type":"article","og_title":"Home - Pirovano","og_description":"Unser Unternehmen ist auf die Entwicklung, die Fertigung und die Installation von schl\u00fcsselfertigen Anlagen f\u00fcr das Dosieren von fl\u00fcssigen Erzeugnissen spezialisiert. Wir sind in jedem Bereich t\u00e4tig, in dem eine besondere Sorgfalt und Genauigkeit der Mischung der unterschiedlichen fl\u00fcssigen Komponenten, die f\u00fcr die Zubereitung der Rezepte erforderlich sind, gefordert werden. Die Tatsache, auf vielen Gebieten ...","og_url":"https:\/\/www.pirovano.com\/de\/","og_site_name":"Pirovano","article_modified_time":"2020-06-12T07:28:26+00:00","twitter_card":"summary_large_image","schema":{"@context":"https:\/\/schema.org","@graph":[{"@type":"WebPage","@id":"https:\/\/www.pirovano.com\/de\/","url":"https:\/\/www.pirovano.com\/de\/","name":"Home - Pirovano","isPartOf":{"@id":"https:\/\/www.pirovano.com\/it\/#website"},"datePublished":"2018-06-22T15:38:47+00:00","dateModified":"2020-06-12T07:28:26+00:00","breadcrumb":{"@id":"https:\/\/www.pirovano.com\/de\/#breadcrumb"},"inLanguage":"de","potentialAction":[{"@type":"ReadAction","target":["https:\/\/www.pirovano.com\/de\/"]}]},{"@type":"BreadcrumbList","@id":"https:\/\/www.pirovano.com\/de\/#breadcrumb","itemListElement":[{"@type":"ListItem","position":1,"name":"Home","item":"https:\/\/www.pirovano.com\/de\/"},{"@type":"ListItem","position":2,"name":"Home"}]},{"@type":"WebSite","@id":"https:\/\/www.pirovano.com\/it\/#website","url":"https:\/\/www.pirovano.com\/it\/","name":"https:\/\/www.pirovano.com","description":"World\u2019s leading supplier of customized industrial equipment for dosing.","publisher":{"@id":"https:\/\/www.pirovano.com\/it\/#organization"},"potentialAction":[{"@type":"SearchAction","target":{"@type":"EntryPoint","urlTemplate":"https:\/\/www.pirovano.com\/it\/?s={search_term_string}"},"query-input":"required name=search_term_string"}],"inLanguage":"de"},{"@type":"Organization","@id":"https:\/\/www.pirovano.com\/it\/#organization","name":"Pirovano s.r.l. - Impianti di Dosaggio Industriali","url":"https:\/\/www.pirovano.com\/it\/","logo":{"@type":"ImageObject","inLanguage":"de","@id":"https:\/\/www.pirovano.com\/it\/#\/schema\/logo\/image\/","url":"https:\/\/www.pirovano.com\/wp-content\/uploads\/2023\/01\/logo.png","contentUrl":"https:\/\/www.pirovano.com\/wp-content\/uploads\/2023\/01\/logo.png","width":767,"height":211,"caption":"Pirovano s.r.l. - Impianti di Dosaggio Industriali"},"image":{"@id":"https:\/\/www.pirovano.com\/it\/#\/schema\/logo\/image\/"},"sameAs":["https:\/\/www.linkedin.com\/company\/pirovano-dosing-systems"]}]}},"_links":{"self":[{"href":"https:\/\/www.pirovano.com\/de\/wp-json\/wp\/v2\/pages\/1286"}],"collection":[{"href":"https:\/\/www.pirovano.com\/de\/wp-json\/wp\/v2\/pages"}],"about":[{"href":"https:\/\/www.pirovano.com\/de\/wp-json\/wp\/v2\/types\/page"}],"author":[{"embeddable":true,"href":"https:\/\/www.pirovano.com\/de\/wp-json\/wp\/v2\/users\/1"}],"replies":[{"embeddable":true,"href":"https:\/\/www.pirovano.com\/de\/wp-json\/wp\/v2\/comments?post=1286"}],"version-history":[{"count":3,"href":"https:\/\/www.pirovano.com\/de\/wp-json\/wp\/v2\/pages\/1286\/revisions"}],"predecessor-version":[{"id":1391,"href":"https:\/\/www.pirovano.com\/de\/wp-json\/wp\/v2\/pages\/1286\/revisions\/1391"}],"wp:attachment":[{"href":"https:\/\/www.pirovano.com\/de\/wp-json\/wp\/v2\/media?parent=1286"}],"curies":[{"name":"wp","href":"https:\/\/api.w.org\/{rel}","templated":true}]}}