{"id":1202,"date":"2018-06-25T10:55:16","date_gmt":"2018-06-25T08:55:16","guid":{"rendered":"https:\/\/www.pirovano.com\/il-nostro-team\/"},"modified":"2020-06-12T09:28:10","modified_gmt":"2020-06-12T07:28:10","slug":"unser-team","status":"publish","type":"page","link":"https:\/\/www.pirovano.com\/de\/unser-team\/","title":{"rendered":"Unser Team"},"content":{"rendered":"\t\t<div class=\"elementor elementor-1202\">\n\t\t\t<div class=\"elementor-inner\">\n\t\t\t\t<div class=\"elementor-section-wrap\">\n\t\t\t\t\t\t\t<section data-id=\"9f5ad59\" class=\"elementor-element elementor-element-9f5ad59 elementor-section-boxed elementor-section-height-default elementor-section-height-default elementor-section elementor-top-section\" data-element_type=\"section\">\n\t\t\t\t\t\t<div class=\"elementor-container elementor-column-gap-default\">\n\t\t\t\t<div class=\"elementor-row\">\n\t\t\t\t<div data-id=\"71eabbe\" class=\"elementor-element elementor-element-71eabbe elementor-column elementor-col-100 elementor-top-column\" data-element_type=\"column\">\n\t\t\t<div class=\"elementor-column-wrap elementor-element-populated\">\n\t\t\t\t\t<div class=\"elementor-widget-wrap\">\n\t\t\t\t<div data-id=\"fbd57f5\" class=\"elementor-element elementor-element-fbd57f5 elementor-widget elementor-widget-text-editor\" data-element_type=\"text-editor.default\">\n\t\t\t\t<div class=\"elementor-widget-container\">\n\t\t\t\t\t<div class=\"elementor-text-editor elementor-clearfix\"><p>Um den Erfolg seines Gesch\u00e4fts zu erreichen, hat unser Unternehmensgr\u00fcnder stets einem wichtigen Aspekt den h\u00f6chsten Vorrang gew\u00e4hrt: Qualifizierte Personen anzuwerben, die bereit sind, ihre Zeit mit Einsatz und Leidenschaft f\u00fcr eine gemeinsames Ziel einzubringen.<\/p><p><br \/>Auch wenn das Unternehmen gut in getrennte Fachbereiche unterteilt ist (<strong>Vertriebsteam, Technische Abt., Produktionseinheit, Kundendienst, Buchhaltung<\/strong>), ist jeder einzelne Besch\u00e4ftigte Teil einer einzigen Mannschaft, mit deren gemeinsamen Werten und demselben wichtigen Ziel.<\/p><p><br \/>\u201e<strong>Menschen z\u00e4hlen sicherlich zu den gr\u00f6\u00dften Ressourcen eines Unternehmens. Es macht keinen Unterschied, ob das Produkt des Unternehmens Autos oder Kosmetikartikel sind. Ein Unternehmen ist nur so gut , wie die Personen, die ihm angeh\u00f6ren<\/strong>.\u201c (Mary Kay Ash)<\/p><p><br \/>Der von Pirovano Srl erzielte Erfolg liegt in diesen wenigen wahren Worten.<\/p><\/div>\n\t\t\t\t<\/div>\n\t\t\t\t<\/div>\n\t\t\t\t\t\t<\/div>\n\t\t\t<\/div>\n\t\t<\/div>\n\t\t\t\t\t\t<\/div>\n\t\t\t<\/div>\n\t\t<\/section>\n\t\t\t\t<section data-id=\"f456ca9\" class=\"elementor-element elementor-element-f456ca9 elementor-section-boxed elementor-section-height-default elementor-section-height-default elementor-section elementor-top-section\" data-element_type=\"section\">\n\t\t\t\t\t\t<div class=\"elementor-container elementor-column-gap-default\">\n\t\t\t\t<div class=\"elementor-row\">\n\t\t\t\t<div data-id=\"1f4d37a\" class=\"elementor-element elementor-element-1f4d37a elementor-column elementor-col-100 elementor-top-column\" data-element_type=\"column\">\n\t\t\t<div class=\"elementor-column-wrap elementor-element-populated\">\n\t\t\t\t\t<div class=\"elementor-widget-wrap\">\n\t\t\t\t<div data-id=\"f268c7c\" class=\"elementor-element elementor-element-f268c7c elementor-widget elementor-widget-spacer\" data-element_type=\"spacer.default\">\n\t\t\t\t<div class=\"elementor-widget-container\">\n\t\t\t\t\t<div class=\"elementor-spacer\">\n\t\t\t<div class=\"elementor-spacer-inner\"><\/div>\n\t\t<\/div>\n\t\t\t\t<\/div>\n\t\t\t\t<\/div>\n\t\t\t\t\t\t<\/div>\n\t\t\t<\/div>\n\t\t<\/div>\n\t\t\t\t\t\t<\/div>\n\t\t\t<\/div>\n\t\t<\/section>\n\t\t\t\t<section data-id=\"fa09417\" class=\"elementor-element elementor-element-fa09417 double-image elementor-section-boxed elementor-section-height-default elementor-section-height-default elementor-section elementor-top-section\" data-element_type=\"section\">\n\t\t\t\t\t\t<div class=\"elementor-container elementor-column-gap-default\">\n\t\t\t\t<div class=\"elementor-row\">\n\t\t\t\t<div data-id=\"7830daf\" class=\"elementor-element elementor-element-7830daf elementor-column elementor-col-50 elementor-top-column\" data-element_type=\"column\">\n\t\t\t<div class=\"elementor-column-wrap elementor-element-populated\">\n\t\t\t\t\t<div class=\"elementor-widget-wrap\">\n\t\t\t\t<div data-id=\"0a7bafc\" class=\"elementor-element elementor-element-0a7bafc pr75 elementor-widget elementor-widget-image\" data-element_type=\"image.default\">\n\t\t\t\t<div class=\"elementor-widget-container\">\n\t\t\t\t\t<div class=\"elementor-image\">\n\t\t\t\t\t\t\t\t\t\t<img width=\"560\" height=\"420\" src=\"https:\/\/www.pirovano.com\/wp-content\/uploads\/2018\/06\/people-company.png\" class=\"attachment-large size-large\" alt=\"\" decoding=\"async\" loading=\"lazy\" srcset=\"https:\/\/www.pirovano.com\/wp-content\/uploads\/2018\/06\/people-company.png 560w, https:\/\/www.pirovano.com\/wp-content\/uploads\/2018\/06\/people-company-300x225.png 300w\" sizes=\"(max-width: 560px) 100vw, 560px\" \/>\t\t\t\t\t\t\t\t\t\t\t<\/div>\n\t\t\t\t<\/div>\n\t\t\t\t<\/div>\n\t\t\t\t\t\t<\/div>\n\t\t\t<\/div>\n\t\t<\/div>\n\t\t\t\t<div data-id=\"b1f6a99\" class=\"elementor-element elementor-element-b1f6a99 elementor-column elementor-col-50 elementor-top-column\" data-element_type=\"column\">\n\t\t\t<div class=\"elementor-column-wrap elementor-element-populated\">\n\t\t\t\t\t<div class=\"elementor-widget-wrap\">\n\t\t\t\t<div data-id=\"c3d5c22\" class=\"elementor-element elementor-element-c3d5c22 pl75 elementor-widget elementor-widget-image\" data-element_type=\"image.default\">\n\t\t\t\t<div class=\"elementor-widget-container\">\n\t\t\t\t\t<div class=\"elementor-image\">\n\t\t\t\t\t\t\t\t\t\t<img width=\"560\" height=\"420\" src=\"https:\/\/www.pirovano.com\/wp-content\/uploads\/2018\/06\/people-2-company.png\" class=\"attachment-large size-large\" alt=\"\" decoding=\"async\" loading=\"lazy\" srcset=\"https:\/\/www.pirovano.com\/wp-content\/uploads\/2018\/06\/people-2-company.png 560w, https:\/\/www.pirovano.com\/wp-content\/uploads\/2018\/06\/people-2-company-300x225.png 300w\" sizes=\"(max-width: 560px) 100vw, 560px\" \/>\t\t\t\t\t\t\t\t\t\t\t<\/div>\n\t\t\t\t<\/div>\n\t\t\t\t<\/div>\n\t\t\t\t\t\t<\/div>\n\t\t\t<\/div>\n\t\t<\/div>\n\t\t\t\t\t\t<\/div>\n\t\t\t<\/div>\n\t\t<\/section>\n\t\t\t\t<section data-id=\"dc1677d\" class=\"elementor-element elementor-element-dc1677d elementor-section-boxed elementor-section-height-default elementor-section-height-default elementor-section elementor-top-section\" data-element_type=\"section\">\n\t\t\t\t\t\t<div class=\"elementor-container elementor-column-gap-default\">\n\t\t\t\t<div class=\"elementor-row\">\n\t\t\t\t<div data-id=\"a6c92bd\" class=\"elementor-element elementor-element-a6c92bd elementor-column elementor-col-100 elementor-top-column\" data-element_type=\"column\">\n\t\t\t<div class=\"elementor-column-wrap elementor-element-populated\">\n\t\t\t\t\t<div class=\"elementor-widget-wrap\">\n\t\t\t\t<div data-id=\"aa69a2e\" class=\"elementor-element elementor-element-aa69a2e elementor-widget elementor-widget-spacer\" data-element_type=\"spacer.default\">\n\t\t\t\t<div class=\"elementor-widget-container\">\n\t\t\t\t\t<div class=\"elementor-spacer\">\n\t\t\t<div class=\"elementor-spacer-inner\"><\/div>\n\t\t<\/div>\n\t\t\t\t<\/div>\n\t\t\t\t<\/div>\n\t\t\t\t\t\t<\/div>\n\t\t\t<\/div>\n\t\t<\/div>\n\t\t\t\t\t\t<\/div>\n\t\t\t<\/div>\n\t\t<\/section>\n\t\t\t\t\t\t<\/div>\n\t\t\t<\/div>\n\t\t<\/div>\n\t\t","protected":false},"excerpt":{"rendered":"<p>Per raggiungere il successo della sua attivit\u00e0, il fondatore della nostra azienda ha sempre dato la massima priorit\u00e0 ad un aspetto importante: reclutare persone competenti, pronte a investire il proprio tempo con impegno e passione per uno scopo comune. Anche se l&#8217;azienda \u00e8 ben organizzata in aree funzionali separate (team di vendita, ufficio tecnico, unit\u00e0 &#8230;<\/p>\n","protected":false},"author":1,"featured_media":0,"parent":0,"menu_order":0,"comment_status":"closed","ping_status":"closed","template":"","meta":[],"yoast_head":"<!-- This site is optimized with the Yoast SEO plugin v20.0 - https:\/\/yoast.com\/wordpress\/plugins\/seo\/ -->\n<title>Unser Team - Pirovano<\/title>\n<meta name=\"robots\" content=\"index, follow, max-snippet:-1, max-image-preview:large, max-video-preview:-1\" \/>\n<link rel=\"canonical\" href=\"https:\/\/www.pirovano.com\/de\/unser-team\/\" \/>\n<meta property=\"og:locale\" content=\"de_DE\" \/>\n<meta property=\"og:type\" content=\"article\" \/>\n<meta property=\"og:title\" content=\"Unser Team - Pirovano\" \/>\n<meta property=\"og:description\" content=\"Per raggiungere il successo della sua attivit\u00e0, il fondatore della nostra azienda ha sempre dato la massima priorit\u00e0 ad un aspetto importante: reclutare persone competenti, pronte a investire il proprio tempo con impegno e passione per uno scopo comune. Anche se l&#8217;azienda \u00e8 ben organizzata in aree funzionali separate (team di vendita, ufficio tecnico, unit\u00e0 ...\" \/>\n<meta property=\"og:url\" content=\"https:\/\/www.pirovano.com\/de\/unser-team\/\" \/>\n<meta property=\"og:site_name\" content=\"Pirovano\" \/>\n<meta property=\"article:modified_time\" content=\"2020-06-12T07:28:10+00:00\" \/>\n<meta property=\"og:image\" content=\"https:\/\/www.pirovano.com\/wp-content\/uploads\/2018\/06\/people-company.png\" \/>\n<meta name=\"twitter:card\" content=\"summary_large_image\" \/>\n<meta name=\"twitter:label1\" content=\"Gesch\u00e4tzte Lesezeit\" \/>\n\t<meta name=\"twitter:data1\" content=\"1\u00a0Minute\" \/>\n<script type=\"application\/ld+json\" class=\"yoast-schema-graph\">{\"@context\":\"https:\/\/schema.org\",\"@graph\":[{\"@type\":\"WebPage\",\"@id\":\"https:\/\/www.pirovano.com\/de\/unser-team\/\",\"url\":\"https:\/\/www.pirovano.com\/de\/unser-team\/\",\"name\":\"Unser Team - Pirovano\",\"isPartOf\":{\"@id\":\"https:\/\/www.pirovano.com\/it\/#website\"},\"datePublished\":\"2018-06-25T08:55:16+00:00\",\"dateModified\":\"2020-06-12T07:28:10+00:00\",\"breadcrumb\":{\"@id\":\"https:\/\/www.pirovano.com\/de\/unser-team\/#breadcrumb\"},\"inLanguage\":\"de\",\"potentialAction\":[{\"@type\":\"ReadAction\",\"target\":[\"https:\/\/www.pirovano.com\/de\/unser-team\/\"]}]},{\"@type\":\"BreadcrumbList\",\"@id\":\"https:\/\/www.pirovano.com\/de\/unser-team\/#breadcrumb\",\"itemListElement\":[{\"@type\":\"ListItem\",\"position\":1,\"name\":\"Home\",\"item\":\"https:\/\/www.pirovano.com\/de\/\"},{\"@type\":\"ListItem\",\"position\":2,\"name\":\"Unser Team\"}]},{\"@type\":\"WebSite\",\"@id\":\"https:\/\/www.pirovano.com\/it\/#website\",\"url\":\"https:\/\/www.pirovano.com\/it\/\",\"name\":\"https:\/\/www.pirovano.com\",\"description\":\"World\u2019s leading supplier of customized industrial equipment for dosing.\",\"publisher\":{\"@id\":\"https:\/\/www.pirovano.com\/it\/#organization\"},\"potentialAction\":[{\"@type\":\"SearchAction\",\"target\":{\"@type\":\"EntryPoint\",\"urlTemplate\":\"https:\/\/www.pirovano.com\/it\/?s={search_term_string}\"},\"query-input\":\"required name=search_term_string\"}],\"inLanguage\":\"de\"},{\"@type\":\"Organization\",\"@id\":\"https:\/\/www.pirovano.com\/it\/#organization\",\"name\":\"Pirovano s.r.l. - Impianti di Dosaggio Industriali\",\"url\":\"https:\/\/www.pirovano.com\/it\/\",\"logo\":{\"@type\":\"ImageObject\",\"inLanguage\":\"de\",\"@id\":\"https:\/\/www.pirovano.com\/it\/#\/schema\/logo\/image\/\",\"url\":\"https:\/\/www.pirovano.com\/wp-content\/uploads\/2023\/01\/logo.png\",\"contentUrl\":\"https:\/\/www.pirovano.com\/wp-content\/uploads\/2023\/01\/logo.png\",\"width\":767,\"height\":211,\"caption\":\"Pirovano s.r.l. - Impianti di Dosaggio Industriali\"},\"image\":{\"@id\":\"https:\/\/www.pirovano.com\/it\/#\/schema\/logo\/image\/\"},\"sameAs\":[\"https:\/\/www.linkedin.com\/company\/pirovano-dosing-systems\"]}]}<\/script>\n<!-- \/ Yoast SEO plugin. -->","yoast_head_json":{"title":"Unser Team - Pirovano","robots":{"index":"index","follow":"follow","max-snippet":"max-snippet:-1","max-image-preview":"max-image-preview:large","max-video-preview":"max-video-preview:-1"},"canonical":"https:\/\/www.pirovano.com\/de\/unser-team\/","og_locale":"de_DE","og_type":"article","og_title":"Unser Team - Pirovano","og_description":"Per raggiungere il successo della sua attivit\u00e0, il fondatore della nostra azienda ha sempre dato la massima priorit\u00e0 ad un aspetto importante: reclutare persone competenti, pronte a investire il proprio tempo con impegno e passione per uno scopo comune. Anche se l&#8217;azienda \u00e8 ben organizzata in aree funzionali separate (team di vendita, ufficio tecnico, unit\u00e0 ...","og_url":"https:\/\/www.pirovano.com\/de\/unser-team\/","og_site_name":"Pirovano","article_modified_time":"2020-06-12T07:28:10+00:00","og_image":[{"url":"https:\/\/www.pirovano.com\/wp-content\/uploads\/2018\/06\/people-company.png"}],"twitter_card":"summary_large_image","twitter_misc":{"Gesch\u00e4tzte Lesezeit":"1\u00a0Minute"},"schema":{"@context":"https:\/\/schema.org","@graph":[{"@type":"WebPage","@id":"https:\/\/www.pirovano.com\/de\/unser-team\/","url":"https:\/\/www.pirovano.com\/de\/unser-team\/","name":"Unser Team - Pirovano","isPartOf":{"@id":"https:\/\/www.pirovano.com\/it\/#website"},"datePublished":"2018-06-25T08:55:16+00:00","dateModified":"2020-06-12T07:28:10+00:00","breadcrumb":{"@id":"https:\/\/www.pirovano.com\/de\/unser-team\/#breadcrumb"},"inLanguage":"de","potentialAction":[{"@type":"ReadAction","target":["https:\/\/www.pirovano.com\/de\/unser-team\/"]}]},{"@type":"BreadcrumbList","@id":"https:\/\/www.pirovano.com\/de\/unser-team\/#breadcrumb","itemListElement":[{"@type":"ListItem","position":1,"name":"Home","item":"https:\/\/www.pirovano.com\/de\/"},{"@type":"ListItem","position":2,"name":"Unser Team"}]},{"@type":"WebSite","@id":"https:\/\/www.pirovano.com\/it\/#website","url":"https:\/\/www.pirovano.com\/it\/","name":"https:\/\/www.pirovano.com","description":"World\u2019s leading supplier of customized industrial equipment for dosing.","publisher":{"@id":"https:\/\/www.pirovano.com\/it\/#organization"},"potentialAction":[{"@type":"SearchAction","target":{"@type":"EntryPoint","urlTemplate":"https:\/\/www.pirovano.com\/it\/?s={search_term_string}"},"query-input":"required name=search_term_string"}],"inLanguage":"de"},{"@type":"Organization","@id":"https:\/\/www.pirovano.com\/it\/#organization","name":"Pirovano s.r.l. - Impianti di Dosaggio Industriali","url":"https:\/\/www.pirovano.com\/it\/","logo":{"@type":"ImageObject","inLanguage":"de","@id":"https:\/\/www.pirovano.com\/it\/#\/schema\/logo\/image\/","url":"https:\/\/www.pirovano.com\/wp-content\/uploads\/2023\/01\/logo.png","contentUrl":"https:\/\/www.pirovano.com\/wp-content\/uploads\/2023\/01\/logo.png","width":767,"height":211,"caption":"Pirovano s.r.l. - Impianti di Dosaggio Industriali"},"image":{"@id":"https:\/\/www.pirovano.com\/it\/#\/schema\/logo\/image\/"},"sameAs":["https:\/\/www.linkedin.com\/company\/pirovano-dosing-systems"]}]}},"_links":{"self":[{"href":"https:\/\/www.pirovano.com\/de\/wp-json\/wp\/v2\/pages\/1202"}],"collection":[{"href":"https:\/\/www.pirovano.com\/de\/wp-json\/wp\/v2\/pages"}],"about":[{"href":"https:\/\/www.pirovano.com\/de\/wp-json\/wp\/v2\/types\/page"}],"author":[{"embeddable":true,"href":"https:\/\/www.pirovano.com\/de\/wp-json\/wp\/v2\/users\/1"}],"replies":[{"embeddable":true,"href":"https:\/\/www.pirovano.com\/de\/wp-json\/wp\/v2\/comments?post=1202"}],"version-history":[{"count":4,"href":"https:\/\/www.pirovano.com\/de\/wp-json\/wp\/v2\/pages\/1202\/revisions"}],"predecessor-version":[{"id":1206,"href":"https:\/\/www.pirovano.com\/de\/wp-json\/wp\/v2\/pages\/1202\/revisions\/1206"}],"wp:attachment":[{"href":"https:\/\/www.pirovano.com\/de\/wp-json\/wp\/v2\/media?parent=1202"}],"curies":[{"name":"wp","href":"https:\/\/api.w.org\/{rel}","templated":true}]}}