{"id":1189,"date":"2018-06-25T10:54:52","date_gmt":"2018-06-25T08:54:52","guid":{"rendered":"https:\/\/www.pirovano.com\/storia\/"},"modified":"2020-06-12T09:28:30","modified_gmt":"2020-06-12T07:28:30","slug":"geschichte","status":"publish","type":"page","link":"https:\/\/www.pirovano.com\/de\/geschichte\/","title":{"rendered":"Geschichte"},"content":{"rendered":"\t\t<div class=\"elementor elementor-1189\">\n\t\t\t<div class=\"elementor-inner\">\n\t\t\t\t<div class=\"elementor-section-wrap\">\n\t\t\t\t\t\t\t<section data-id=\"fc4ac59\" class=\"elementor-element elementor-element-fc4ac59 elementor-section-boxed elementor-section-height-default elementor-section-height-default elementor-section elementor-top-section\" data-element_type=\"section\">\n\t\t\t\t\t\t<div class=\"elementor-container elementor-column-gap-default\">\n\t\t\t\t<div class=\"elementor-row\">\n\t\t\t\t<div data-id=\"b50fc5a\" class=\"elementor-element elementor-element-b50fc5a elementor-column elementor-col-100 elementor-top-column\" data-element_type=\"column\">\n\t\t\t<div class=\"elementor-column-wrap elementor-element-populated\">\n\t\t\t\t\t<div class=\"elementor-widget-wrap\">\n\t\t\t\t<div data-id=\"b2653b2\" class=\"elementor-element elementor-element-b2653b2 elementor-widget elementor-widget-text-editor\" data-element_type=\"text-editor.default\">\n\t\t\t\t<div class=\"elementor-widget-container\">\n\t\t\t\t\t<div class=\"elementor-text-editor elementor-clearfix\"><p>Pirovano Srl entsteht in den 90er Jahren aus der langj\u00e4hrigen technischen und vertrieblichen Erfahrung seiner Leitung, eine anf\u00e4nglich im Textilbereich gesammelte Erfahrung, die sich anschlie\u00dfend auf viele andere Gebiete ausgedehnt hat, wie Natur- und Kunstleder, Farben, Tinten, Weichverpackungen, Tapeten, Fliesen, Kosmetika, PVC-PU und Aluminium-Beschichtungen, Kunststoffe und Chemikalien.<\/p><p>\u00a0<\/p><p>Mit den unangefochtenen Werten eines familiengef\u00fchrten Unternehmens, hat <strong>Pirovano Srl<\/strong> in \u00fcber 30 L\u00e4ndern in der ganzen Welt wirklich bedeutende Ergebnisse errungen,\u00a0 wobei es sowohl mit kleinen Betrieben als mit multinationalen Unternehmen zusammengearbeitet hat.<\/p><p>\u00a0<\/p><p>Auf dem selektiven <strong>Kraftfahrzeugmarkt<\/strong> &#8211; Abteilung Innenausstattung &#8211; steht unsere Marke f\u00fcr Vortrefflichkeit, nachdem sie das Vertrauen der gr\u00f6\u00dften Weltfirmen errungen hat.<\/p><p>\u00a0<\/p><p>Heute betreut Pirovano Srl seine Kunden sowohl in der Form von \u201eB2B\u201c als mittels t\u00fcchtiger Agenten bzw. Mitarbeiter, die das Unternehmen in den verschiedenen L\u00e4ndern und Bereichen vertreten. Auf die eine oder die andere Weise besteht der Ansatz von Pirovano darin, ein verl\u00e4sslicher Partner von allen seinen\u00a0 Kunden im Rahmen einer lang anhaltenden und erfolgreichen professionellen Zusammenarbeit zu werden.<\/p><\/div>\n\t\t\t\t<\/div>\n\t\t\t\t<\/div>\n\t\t\t\t\t\t<\/div>\n\t\t\t<\/div>\n\t\t<\/div>\n\t\t\t\t\t\t<\/div>\n\t\t\t<\/div>\n\t\t<\/section>\n\t\t\t\t<section data-id=\"30f4c13e\" class=\"elementor-element elementor-element-30f4c13e elementor-section-boxed elementor-section-height-default elementor-section-height-default elementor-section elementor-top-section\" data-element_type=\"section\">\n\t\t\t\t\t\t<div class=\"elementor-container elementor-column-gap-default\">\n\t\t\t\t<div class=\"elementor-row\">\n\t\t\t\t<div data-id=\"7decf0e1\" class=\"elementor-element elementor-element-7decf0e1 elementor-column elementor-col-100 elementor-top-column\" data-element_type=\"column\">\n\t\t\t<div class=\"elementor-column-wrap elementor-element-populated\">\n\t\t\t\t\t<div class=\"elementor-widget-wrap\">\n\t\t\t\t<div data-id=\"1d3d0507\" class=\"elementor-element elementor-element-1d3d0507 elementor-widget elementor-widget-spacer\" data-element_type=\"spacer.default\">\n\t\t\t\t<div class=\"elementor-widget-container\">\n\t\t\t\t\t<div class=\"elementor-spacer\">\n\t\t\t<div class=\"elementor-spacer-inner\"><\/div>\n\t\t<\/div>\n\t\t\t\t<\/div>\n\t\t\t\t<\/div>\n\t\t\t\t\t\t<\/div>\n\t\t\t<\/div>\n\t\t<\/div>\n\t\t\t\t\t\t<\/div>\n\t\t\t<\/div>\n\t\t<\/section>\n\t\t\t\t<section data-id=\"66a6d35\" class=\"elementor-element elementor-element-66a6d35 elementor-section-stretched full-width elementor-section-boxed elementor-section-height-default elementor-section-height-default elementor-section elementor-top-section\" data-settings=\"{&quot;stretch_section&quot;:&quot;section-stretched&quot;}\" data-element_type=\"section\">\n\t\t\t\t\t\t<div class=\"elementor-container elementor-column-gap-default\">\n\t\t\t\t<div class=\"elementor-row\">\n\t\t\t\t<div data-id=\"c664b2f\" class=\"elementor-element elementor-element-c664b2f elementor-column elementor-col-100 elementor-top-column\" data-element_type=\"column\">\n\t\t\t<div class=\"elementor-column-wrap elementor-element-populated\">\n\t\t\t\t\t<div class=\"elementor-widget-wrap\">\n\t\t\t\t<div data-id=\"a954ee9\" class=\"elementor-element elementor-element-a954ee9 full-width elementor-widget elementor-widget-image-carousel\" data-settings=\"{&quot;navigation&quot;:&quot;arrows&quot;,&quot;pause_on_hover&quot;:&quot;yes&quot;,&quot;autoplay&quot;:&quot;yes&quot;,&quot;autoplay_speed&quot;:5000,&quot;infinite&quot;:&quot;yes&quot;,&quot;speed&quot;:500,&quot;direction&quot;:&quot;ltr&quot;}\" data-element_type=\"image-carousel.default\">\n\t\t\t\t<div class=\"elementor-widget-container\">\n\t\t\t\t\t<div class=\"elementor-image-carousel-wrapper elementor-slick-slider\" dir=\"ltr\">\n\t\t\t<div class=\"elementor-image-carousel slick-arrows-inside\">\n\t\t\t\t<div class=\"slick-slide\"><figure class=\"slick-slide-inner\"><a href=\"https:\/\/www.pirovano.com\/wp-content\/uploads\/2018\/07\/slide7-history.jpg\" data-elementor-open-lightbox=\"yes\" data-elementor-lightbox-slideshow=\"a954ee9\" data-elementor-lightbox-index=\"0\"><img decoding=\"async\" class=\"slick-slide-image\" src=\"https:\/\/www.pirovano.com\/wp-content\/uploads\/elementor\/thumbs\/slide7-history-nvx0zxiyh9o1xtpee5t453n6gglrlz5c9gvszosipk.jpg\" alt=\"slide7-history\" \/><\/a><\/figure><\/div><div class=\"slick-slide\"><figure class=\"slick-slide-inner\"><a href=\"https:\/\/www.pirovano.com\/wp-content\/uploads\/2018\/07\/slide8-history.jpg\" data-elementor-open-lightbox=\"yes\" data-elementor-lightbox-slideshow=\"a954ee9\" data-elementor-lightbox-index=\"1\"><img decoding=\"async\" class=\"slick-slide-image\" src=\"https:\/\/www.pirovano.com\/wp-content\/uploads\/elementor\/thumbs\/slide8-history-nvx0zwl4afmrm7qrjnehklvpv2qeea1lxc8bietwvs.jpg\" alt=\"slide8-history\" \/><\/a><\/figure><\/div><div class=\"slick-slide\"><figure class=\"slick-slide-inner\"><a href=\"https:\/\/www.pirovano.com\/wp-content\/uploads\/2018\/07\/slide9-history.jpg\" data-elementor-open-lightbox=\"yes\" data-elementor-lightbox-slideshow=\"a954ee9\" data-elementor-lightbox-index=\"2\"><img decoding=\"async\" class=\"slick-slide-image\" src=\"https:\/\/www.pirovano.com\/wp-content\/uploads\/elementor\/thumbs\/slide9-history-nvx0zxiyh9o1xtpee5t453n6gglrlz5c9gvszosipk.jpg\" alt=\"slide9-history\" \/><\/a><\/figure><\/div><div class=\"slick-slide\"><figure class=\"slick-slide-inner\"><a href=\"https:\/\/www.pirovano.com\/wp-content\/uploads\/2018\/07\/slide10-history.jpg\" data-elementor-open-lightbox=\"yes\" data-elementor-lightbox-slideshow=\"a954ee9\" data-elementor-lightbox-index=\"3\"><img decoding=\"async\" class=\"slick-slide-image\" src=\"https:\/\/www.pirovano.com\/wp-content\/uploads\/elementor\/thumbs\/slide10-history-nvx0zzemuxqml1mo36mda363n8ci1dcsxq6ry8pqd4.jpg\" alt=\"slide10-history\" \/><\/a><\/figure><\/div><div class=\"slick-slide\"><figure class=\"slick-slide-inner\"><a href=\"https:\/\/www.pirovano.com\/wp-content\/uploads\/2018\/07\/slide11-history.jpg\" data-elementor-open-lightbox=\"yes\" data-elementor-lightbox-slideshow=\"a954ee9\" data-elementor-lightbox-index=\"4\"><img decoding=\"async\" class=\"slick-slide-image\" src=\"https:\/\/www.pirovano.com\/wp-content\/uploads\/elementor\/thumbs\/slide11-history-nvx0zxiyh9o1xtpee5t453n6gglrlz5c9gvszosipk.jpg\" alt=\"slide11-history\" \/><\/a><\/figure><\/div><div class=\"slick-slide\"><figure class=\"slick-slide-inner\"><a href=\"https:\/\/www.pirovano.com\/wp-content\/uploads\/2018\/07\/slide12-history.jpg\" data-elementor-open-lightbox=\"yes\" data-elementor-lightbox-slideshow=\"a954ee9\" data-elementor-lightbox-index=\"5\"><img decoding=\"async\" class=\"slick-slide-image\" src=\"https:\/\/www.pirovano.com\/wp-content\/uploads\/elementor\/thumbs\/slide12-history-nvx0zwl4afmrm7qrjnehklvpv2qeea1lxc8bietwvs.jpg\" alt=\"slide12-history\" \/><\/a><\/figure><\/div><div class=\"slick-slide\"><figure class=\"slick-slide-inner\"><a href=\"https:\/\/www.pirovano.com\/wp-content\/uploads\/2018\/07\/slide13-history.jpg\" data-elementor-open-lightbox=\"yes\" data-elementor-lightbox-slideshow=\"a954ee9\" data-elementor-lightbox-index=\"6\"><img decoding=\"async\" class=\"slick-slide-image\" src=\"https:\/\/www.pirovano.com\/wp-content\/uploads\/elementor\/thumbs\/slide13-history-nvx0zwl4afmrm7qrjnehklvpv2qeea1lxc8bietwvs.jpg\" alt=\"slide13-history\" \/><\/a><\/figure><\/div><div class=\"slick-slide\"><figure class=\"slick-slide-inner\"><a href=\"https:\/\/www.pirovano.com\/wp-content\/uploads\/2018\/07\/slide6-history.jpg\" data-elementor-open-lightbox=\"yes\" data-elementor-lightbox-slideshow=\"a954ee9\" data-elementor-lightbox-index=\"7\"><img decoding=\"async\" class=\"slick-slide-image\" src=\"https:\/\/www.pirovano.com\/wp-content\/uploads\/elementor\/thumbs\/slide6-history-nvx0zzemuxqml1mo36mda363n8ci1dcsxq6ry8pqd4.jpg\" alt=\"slide6-history\" \/><\/a><\/figure><\/div>\t\t\t<\/div>\n\t\t<\/div>\n\t\t\t\t<\/div>\n\t\t\t\t<\/div>\n\t\t\t\t\t\t<\/div>\n\t\t\t<\/div>\n\t\t<\/div>\n\t\t\t\t\t\t<\/div>\n\t\t\t<\/div>\n\t\t<\/section>\n\t\t\t\t<section data-id=\"1de5ac9\" class=\"elementor-element elementor-element-1de5ac9 elementor-section-boxed elementor-section-height-default elementor-section-height-default elementor-section elementor-top-section\" data-element_type=\"section\">\n\t\t\t\t\t\t<div class=\"elementor-container elementor-column-gap-default\">\n\t\t\t\t<div class=\"elementor-row\">\n\t\t\t\t<div data-id=\"f4bd478\" class=\"elementor-element elementor-element-f4bd478 elementor-column elementor-col-100 elementor-top-column\" data-element_type=\"column\">\n\t\t\t<div class=\"elementor-column-wrap elementor-element-populated\">\n\t\t\t\t\t<div class=\"elementor-widget-wrap\">\n\t\t\t\t<div data-id=\"e14f771\" class=\"elementor-element elementor-element-e14f771 elementor-widget elementor-widget-spacer\" data-element_type=\"spacer.default\">\n\t\t\t\t<div class=\"elementor-widget-container\">\n\t\t\t\t\t<div class=\"elementor-spacer\">\n\t\t\t<div class=\"elementor-spacer-inner\"><\/div>\n\t\t<\/div>\n\t\t\t\t<\/div>\n\t\t\t\t<\/div>\n\t\t\t\t\t\t<\/div>\n\t\t\t<\/div>\n\t\t<\/div>\n\t\t\t\t\t\t<\/div>\n\t\t\t<\/div>\n\t\t<\/section>\n\t\t\t\t\t\t<\/div>\n\t\t\t<\/div>\n\t\t<\/div>\n\t\t","protected":false},"excerpt":{"rendered":"<p>Pirovano Srl nasce negli anni &#8217;90 dalla lunga esperienza tecnico-commerciale della sua Direzione, esperienza maturata inizialmente nel settore tessile, per poi espandersi in molti altri settori, come la vera pelle e quella sintetica, vernici, inchiostri, imballaggi flessibili, carta da parati, ceramica, cosmesi, rivestimento di PVC-PU e alluminio, plastica e prodotti chimici. Con i valori indiscussi &#8230;<\/p>\n","protected":false},"author":1,"featured_media":0,"parent":0,"menu_order":0,"comment_status":"closed","ping_status":"closed","template":"","meta":[],"yoast_head":"<!-- This site is optimized with the Yoast SEO plugin v20.0 - https:\/\/yoast.com\/wordpress\/plugins\/seo\/ -->\n<title>Geschichte - Pirovano<\/title>\n<meta name=\"robots\" content=\"index, follow, max-snippet:-1, max-image-preview:large, max-video-preview:-1\" \/>\n<link rel=\"canonical\" href=\"https:\/\/www.pirovano.com\/de\/geschichte\/\" \/>\n<meta property=\"og:locale\" content=\"de_DE\" \/>\n<meta property=\"og:type\" content=\"article\" \/>\n<meta property=\"og:title\" content=\"Geschichte - Pirovano\" \/>\n<meta property=\"og:description\" content=\"Pirovano Srl nasce negli anni &#8217;90 dalla lunga esperienza tecnico-commerciale della sua Direzione, esperienza maturata inizialmente nel settore tessile, per poi espandersi in molti altri settori, come la vera pelle e quella sintetica, vernici, inchiostri, imballaggi flessibili, carta da parati, ceramica, cosmesi, rivestimento di PVC-PU e alluminio, plastica e prodotti chimici. Con i valori indiscussi ...\" \/>\n<meta property=\"og:url\" content=\"https:\/\/www.pirovano.com\/de\/geschichte\/\" \/>\n<meta property=\"og:site_name\" content=\"Pirovano\" \/>\n<meta property=\"article:modified_time\" content=\"2020-06-12T07:28:30+00:00\" \/>\n<meta property=\"og:image\" content=\"https:\/\/www.pirovano.com\/wp-content\/uploads\/elementor\/thumbs\/slide7-history-nvx0zxiyh9o1xtpee5t453n6gglrlz5c9gvszosipk.jpg\" \/>\n<meta name=\"twitter:card\" content=\"summary_large_image\" \/>\n<meta name=\"twitter:label1\" content=\"Gesch\u00e4tzte Lesezeit\" \/>\n\t<meta name=\"twitter:data1\" content=\"1\u00a0Minute\" \/>\n<script type=\"application\/ld+json\" class=\"yoast-schema-graph\">{\"@context\":\"https:\/\/schema.org\",\"@graph\":[{\"@type\":\"WebPage\",\"@id\":\"https:\/\/www.pirovano.com\/de\/geschichte\/\",\"url\":\"https:\/\/www.pirovano.com\/de\/geschichte\/\",\"name\":\"Geschichte - Pirovano\",\"isPartOf\":{\"@id\":\"https:\/\/www.pirovano.com\/it\/#website\"},\"datePublished\":\"2018-06-25T08:54:52+00:00\",\"dateModified\":\"2020-06-12T07:28:30+00:00\",\"breadcrumb\":{\"@id\":\"https:\/\/www.pirovano.com\/de\/geschichte\/#breadcrumb\"},\"inLanguage\":\"de\",\"potentialAction\":[{\"@type\":\"ReadAction\",\"target\":[\"https:\/\/www.pirovano.com\/de\/geschichte\/\"]}]},{\"@type\":\"BreadcrumbList\",\"@id\":\"https:\/\/www.pirovano.com\/de\/geschichte\/#breadcrumb\",\"itemListElement\":[{\"@type\":\"ListItem\",\"position\":1,\"name\":\"Home\",\"item\":\"https:\/\/www.pirovano.com\/de\/\"},{\"@type\":\"ListItem\",\"position\":2,\"name\":\"Geschichte\"}]},{\"@type\":\"WebSite\",\"@id\":\"https:\/\/www.pirovano.com\/it\/#website\",\"url\":\"https:\/\/www.pirovano.com\/it\/\",\"name\":\"https:\/\/www.pirovano.com\",\"description\":\"World\u2019s leading supplier of customized industrial equipment for dosing.\",\"publisher\":{\"@id\":\"https:\/\/www.pirovano.com\/it\/#organization\"},\"potentialAction\":[{\"@type\":\"SearchAction\",\"target\":{\"@type\":\"EntryPoint\",\"urlTemplate\":\"https:\/\/www.pirovano.com\/it\/?s={search_term_string}\"},\"query-input\":\"required name=search_term_string\"}],\"inLanguage\":\"de\"},{\"@type\":\"Organization\",\"@id\":\"https:\/\/www.pirovano.com\/it\/#organization\",\"name\":\"Pirovano s.r.l. - Impianti di Dosaggio Industriali\",\"url\":\"https:\/\/www.pirovano.com\/it\/\",\"logo\":{\"@type\":\"ImageObject\",\"inLanguage\":\"de\",\"@id\":\"https:\/\/www.pirovano.com\/it\/#\/schema\/logo\/image\/\",\"url\":\"https:\/\/www.pirovano.com\/wp-content\/uploads\/2023\/01\/logo.png\",\"contentUrl\":\"https:\/\/www.pirovano.com\/wp-content\/uploads\/2023\/01\/logo.png\",\"width\":767,\"height\":211,\"caption\":\"Pirovano s.r.l. - Impianti di Dosaggio Industriali\"},\"image\":{\"@id\":\"https:\/\/www.pirovano.com\/it\/#\/schema\/logo\/image\/\"},\"sameAs\":[\"https:\/\/www.linkedin.com\/company\/pirovano-dosing-systems\"]}]}<\/script>\n<!-- \/ Yoast SEO plugin. -->","yoast_head_json":{"title":"Geschichte - Pirovano","robots":{"index":"index","follow":"follow","max-snippet":"max-snippet:-1","max-image-preview":"max-image-preview:large","max-video-preview":"max-video-preview:-1"},"canonical":"https:\/\/www.pirovano.com\/de\/geschichte\/","og_locale":"de_DE","og_type":"article","og_title":"Geschichte - Pirovano","og_description":"Pirovano Srl nasce negli anni &#8217;90 dalla lunga esperienza tecnico-commerciale della sua Direzione, esperienza maturata inizialmente nel settore tessile, per poi espandersi in molti altri settori, come la vera pelle e quella sintetica, vernici, inchiostri, imballaggi flessibili, carta da parati, ceramica, cosmesi, rivestimento di PVC-PU e alluminio, plastica e prodotti chimici. Con i valori indiscussi ...","og_url":"https:\/\/www.pirovano.com\/de\/geschichte\/","og_site_name":"Pirovano","article_modified_time":"2020-06-12T07:28:30+00:00","og_image":[{"url":"https:\/\/www.pirovano.com\/wp-content\/uploads\/elementor\/thumbs\/slide7-history-nvx0zxiyh9o1xtpee5t453n6gglrlz5c9gvszosipk.jpg"}],"twitter_card":"summary_large_image","twitter_misc":{"Gesch\u00e4tzte Lesezeit":"1\u00a0Minute"},"schema":{"@context":"https:\/\/schema.org","@graph":[{"@type":"WebPage","@id":"https:\/\/www.pirovano.com\/de\/geschichte\/","url":"https:\/\/www.pirovano.com\/de\/geschichte\/","name":"Geschichte - Pirovano","isPartOf":{"@id":"https:\/\/www.pirovano.com\/it\/#website"},"datePublished":"2018-06-25T08:54:52+00:00","dateModified":"2020-06-12T07:28:30+00:00","breadcrumb":{"@id":"https:\/\/www.pirovano.com\/de\/geschichte\/#breadcrumb"},"inLanguage":"de","potentialAction":[{"@type":"ReadAction","target":["https:\/\/www.pirovano.com\/de\/geschichte\/"]}]},{"@type":"BreadcrumbList","@id":"https:\/\/www.pirovano.com\/de\/geschichte\/#breadcrumb","itemListElement":[{"@type":"ListItem","position":1,"name":"Home","item":"https:\/\/www.pirovano.com\/de\/"},{"@type":"ListItem","position":2,"name":"Geschichte"}]},{"@type":"WebSite","@id":"https:\/\/www.pirovano.com\/it\/#website","url":"https:\/\/www.pirovano.com\/it\/","name":"https:\/\/www.pirovano.com","description":"World\u2019s leading supplier of customized industrial equipment for dosing.","publisher":{"@id":"https:\/\/www.pirovano.com\/it\/#organization"},"potentialAction":[{"@type":"SearchAction","target":{"@type":"EntryPoint","urlTemplate":"https:\/\/www.pirovano.com\/it\/?s={search_term_string}"},"query-input":"required name=search_term_string"}],"inLanguage":"de"},{"@type":"Organization","@id":"https:\/\/www.pirovano.com\/it\/#organization","name":"Pirovano s.r.l. - Impianti di Dosaggio Industriali","url":"https:\/\/www.pirovano.com\/it\/","logo":{"@type":"ImageObject","inLanguage":"de","@id":"https:\/\/www.pirovano.com\/it\/#\/schema\/logo\/image\/","url":"https:\/\/www.pirovano.com\/wp-content\/uploads\/2023\/01\/logo.png","contentUrl":"https:\/\/www.pirovano.com\/wp-content\/uploads\/2023\/01\/logo.png","width":767,"height":211,"caption":"Pirovano s.r.l. - Impianti di Dosaggio Industriali"},"image":{"@id":"https:\/\/www.pirovano.com\/it\/#\/schema\/logo\/image\/"},"sameAs":["https:\/\/www.linkedin.com\/company\/pirovano-dosing-systems"]}]}},"_links":{"self":[{"href":"https:\/\/www.pirovano.com\/de\/wp-json\/wp\/v2\/pages\/1189"}],"collection":[{"href":"https:\/\/www.pirovano.com\/de\/wp-json\/wp\/v2\/pages"}],"about":[{"href":"https:\/\/www.pirovano.com\/de\/wp-json\/wp\/v2\/types\/page"}],"author":[{"embeddable":true,"href":"https:\/\/www.pirovano.com\/de\/wp-json\/wp\/v2\/users\/1"}],"replies":[{"embeddable":true,"href":"https:\/\/www.pirovano.com\/de\/wp-json\/wp\/v2\/comments?post=1189"}],"version-history":[{"count":4,"href":"https:\/\/www.pirovano.com\/de\/wp-json\/wp\/v2\/pages\/1189\/revisions"}],"predecessor-version":[{"id":1196,"href":"https:\/\/www.pirovano.com\/de\/wp-json\/wp\/v2\/pages\/1189\/revisions\/1196"}],"wp:attachment":[{"href":"https:\/\/www.pirovano.com\/de\/wp-json\/wp\/v2\/media?parent=1189"}],"curies":[{"name":"wp","href":"https:\/\/api.w.org\/{rel}","templated":true}]}}