{"id":1174,"date":"2018-06-25T10:54:31","date_gmt":"2018-06-25T08:54:31","guid":{"rendered":"https:\/\/www.pirovano.com\/chi-siamo\/"},"modified":"2020-06-12T09:28:19","modified_gmt":"2020-06-12T07:28:19","slug":"ueber-uns","status":"publish","type":"page","link":"https:\/\/www.pirovano.com\/de\/ueber-uns\/","title":{"rendered":"\u00dcber Uns"},"content":{"rendered":"\t\t<div class=\"elementor elementor-1174\">\n\t\t\t<div class=\"elementor-inner\">\n\t\t\t\t<div class=\"elementor-section-wrap\">\n\t\t\t\t\t\t\t<section data-id=\"5c3c7dc\" class=\"elementor-element elementor-element-5c3c7dc elementor-section-boxed elementor-section-height-default elementor-section-height-default elementor-section elementor-top-section\" data-element_type=\"section\">\n\t\t\t\t\t\t<div class=\"elementor-container elementor-column-gap-default\">\n\t\t\t\t<div class=\"elementor-row\">\n\t\t\t\t<div data-id=\"0a5f907\" class=\"elementor-element elementor-element-0a5f907 elementor-column elementor-col-100 elementor-top-column\" data-element_type=\"column\">\n\t\t\t<div class=\"elementor-column-wrap elementor-element-populated\">\n\t\t\t\t\t<div class=\"elementor-widget-wrap\">\n\t\t\t\t<div data-id=\"c41a9da\" class=\"elementor-element elementor-element-c41a9da elementor-widget elementor-widget-text-editor\" data-element_type=\"text-editor.default\">\n\t\t\t\t<div class=\"elementor-widget-container\">\n\t\t\t\t\t<div class=\"elementor-text-editor elementor-clearfix\"><p>Unser Unternehmen ist auf die Entwicklung, die Fertigung und die Installation von <strong>schl\u00fcsselfertigen und ma\u00dfgefertigten Dosieranlagen f\u00fcr fl\u00fcssige Erzeugnisse<\/strong> (von Fl\u00fcssigkeiten zu Pasten) spezialisiert. Wir sind in jedem Fertigungsbereich t\u00e4tig (Natur- und Kunstleder, Textilien, Farben und Lacke, Weichverpackungen, Kosmetika, PVC-PU- und Aluminium-Beschichtungen, Tapeten, Fliesen und Chemikalien), in dem eine besondere Sorgfalt und Genauigkeit der Mischung der unterschiedlichen fl\u00fcssigen Komponenten, die f\u00fcr die Zubereitung der Rezepte erforderlich sind, gefordert werden.<\/p><\/div>\n\t\t\t\t<\/div>\n\t\t\t\t<\/div>\n\t\t\t\t\t\t<\/div>\n\t\t\t<\/div>\n\t\t<\/div>\n\t\t\t\t\t\t<\/div>\n\t\t\t<\/div>\n\t\t<\/section>\n\t\t\t\t<section data-id=\"e2e7295\" class=\"elementor-element elementor-element-e2e7295 elementor-section-boxed elementor-section-height-default elementor-section-height-default elementor-section elementor-top-section\" data-element_type=\"section\">\n\t\t\t\t\t\t<div class=\"elementor-container elementor-column-gap-default\">\n\t\t\t\t<div class=\"elementor-row\">\n\t\t\t\t<div data-id=\"025fcc4\" class=\"elementor-element elementor-element-025fcc4 elementor-column elementor-col-100 elementor-top-column\" data-element_type=\"column\">\n\t\t\t<div class=\"elementor-column-wrap elementor-element-populated\">\n\t\t\t\t\t<div class=\"elementor-widget-wrap\">\n\t\t\t\t<div data-id=\"4fc746a\" class=\"elementor-element elementor-element-4fc746a elementor-widget elementor-widget-spacer\" data-element_type=\"spacer.default\">\n\t\t\t\t<div class=\"elementor-widget-container\">\n\t\t\t\t\t<div class=\"elementor-spacer\">\n\t\t\t<div class=\"elementor-spacer-inner\"><\/div>\n\t\t<\/div>\n\t\t\t\t<\/div>\n\t\t\t\t<\/div>\n\t\t\t\t\t\t<\/div>\n\t\t\t<\/div>\n\t\t<\/div>\n\t\t\t\t\t\t<\/div>\n\t\t\t<\/div>\n\t\t<\/section>\n\t\t\t\t<section data-id=\"b1e3eca\" class=\"elementor-element elementor-element-b1e3eca elementor-section-boxed elementor-section-height-default elementor-section-height-default elementor-section elementor-top-section\" data-element_type=\"section\">\n\t\t\t\t\t\t<div class=\"elementor-container elementor-column-gap-default\">\n\t\t\t\t<div class=\"elementor-row\">\n\t\t\t\t<div data-id=\"ff25e24\" class=\"elementor-element elementor-element-ff25e24 elementor-column elementor-col-50 elementor-top-column\" data-element_type=\"column\">\n\t\t\t<div class=\"elementor-column-wrap elementor-element-populated\">\n\t\t\t\t\t<div class=\"elementor-widget-wrap\">\n\t\t\t\t<div data-id=\"2776631\" class=\"elementor-element elementor-element-2776631 pr75 elementor-widget elementor-widget-image\" data-element_type=\"image.default\">\n\t\t\t\t<div class=\"elementor-widget-container\">\n\t\t\t\t\t<div class=\"elementor-image\">\n\t\t\t\t\t\t\t\t\t\t<img width=\"850\" height=\"638\" src=\"https:\/\/www.pirovano.com\/wp-content\/uploads\/2018\/07\/Pirovano_Sede_OK-e1532419944887-1024x769.jpg\" class=\"attachment-large size-large\" alt=\"\" decoding=\"async\" loading=\"lazy\" srcset=\"https:\/\/www.pirovano.com\/wp-content\/uploads\/2018\/07\/Pirovano_Sede_OK-e1532419944887-1024x769.jpg 1024w, https:\/\/www.pirovano.com\/wp-content\/uploads\/2018\/07\/Pirovano_Sede_OK-e1532419944887-300x225.jpg 300w, https:\/\/www.pirovano.com\/wp-content\/uploads\/2018\/07\/Pirovano_Sede_OK-e1532419944887-768x576.jpg 768w, https:\/\/www.pirovano.com\/wp-content\/uploads\/2018\/07\/Pirovano_Sede_OK-e1532419944887-600x450.jpg 600w, https:\/\/www.pirovano.com\/wp-content\/uploads\/2018\/07\/Pirovano_Sede_OK-e1532419944887-800x600.jpg 800w\" sizes=\"(max-width: 850px) 100vw, 850px\" \/>\t\t\t\t\t\t\t\t\t\t\t<\/div>\n\t\t\t\t<\/div>\n\t\t\t\t<\/div>\n\t\t\t\t\t\t<\/div>\n\t\t\t<\/div>\n\t\t<\/div>\n\t\t\t\t<div data-id=\"02cef7d\" class=\"elementor-element elementor-element-02cef7d elementor-column elementor-col-50 elementor-top-column\" data-element_type=\"column\">\n\t\t\t<div class=\"elementor-column-wrap elementor-element-populated\">\n\t\t\t\t\t<div class=\"elementor-widget-wrap\">\n\t\t\t\t<div data-id=\"48e4a6e\" class=\"elementor-element elementor-element-48e4a6e pl75 elementor-widget elementor-widget-image\" data-element_type=\"image.default\">\n\t\t\t\t<div class=\"elementor-widget-container\">\n\t\t\t\t\t<div class=\"elementor-image\">\n\t\t\t\t\t\t\t\t\t\t<img width=\"560\" height=\"420\" src=\"https:\/\/www.pirovano.com\/wp-content\/uploads\/2018\/06\/whoweare-2-company.png\" class=\"attachment-large size-large\" alt=\"\" decoding=\"async\" loading=\"lazy\" srcset=\"https:\/\/www.pirovano.com\/wp-content\/uploads\/2018\/06\/whoweare-2-company.png 560w, https:\/\/www.pirovano.com\/wp-content\/uploads\/2018\/06\/whoweare-2-company-300x225.png 300w\" sizes=\"(max-width: 560px) 100vw, 560px\" \/>\t\t\t\t\t\t\t\t\t\t\t<\/div>\n\t\t\t\t<\/div>\n\t\t\t\t<\/div>\n\t\t\t\t\t\t<\/div>\n\t\t\t<\/div>\n\t\t<\/div>\n\t\t\t\t\t\t<\/div>\n\t\t\t<\/div>\n\t\t<\/section>\n\t\t\t\t<section data-id=\"f20e8fd\" class=\"elementor-element elementor-element-f20e8fd elementor-section-boxed elementor-section-height-default elementor-section-height-default elementor-section elementor-top-section\" data-element_type=\"section\">\n\t\t\t\t\t\t<div class=\"elementor-container elementor-column-gap-default\">\n\t\t\t\t<div class=\"elementor-row\">\n\t\t\t\t<div data-id=\"208fe63\" class=\"elementor-element elementor-element-208fe63 elementor-column elementor-col-100 elementor-top-column\" data-element_type=\"column\">\n\t\t\t<div class=\"elementor-column-wrap elementor-element-populated\">\n\t\t\t\t\t<div class=\"elementor-widget-wrap\">\n\t\t\t\t<div data-id=\"4ea9050\" class=\"elementor-element elementor-element-4ea9050 elementor-widget elementor-widget-spacer\" data-element_type=\"spacer.default\">\n\t\t\t\t<div class=\"elementor-widget-container\">\n\t\t\t\t\t<div class=\"elementor-spacer\">\n\t\t\t<div class=\"elementor-spacer-inner\"><\/div>\n\t\t<\/div>\n\t\t\t\t<\/div>\n\t\t\t\t<\/div>\n\t\t\t\t\t\t<\/div>\n\t\t\t<\/div>\n\t\t<\/div>\n\t\t\t\t\t\t<\/div>\n\t\t\t<\/div>\n\t\t<\/section>\n\t\t\t\t<section data-id=\"3600e28\" class=\"elementor-element elementor-element-3600e28 elementor-section-boxed elementor-section-height-default elementor-section-height-default elementor-section elementor-top-section\" data-element_type=\"section\">\n\t\t\t\t\t\t<div class=\"elementor-container elementor-column-gap-default\">\n\t\t\t\t<div class=\"elementor-row\">\n\t\t\t\t<div data-id=\"e5b0375\" class=\"elementor-element elementor-element-e5b0375 elementor-column elementor-col-100 elementor-top-column\" data-element_type=\"column\">\n\t\t\t<div class=\"elementor-column-wrap elementor-element-populated\">\n\t\t\t\t\t<div class=\"elementor-widget-wrap\">\n\t\t\t\t<div data-id=\"dff5a39\" class=\"elementor-element elementor-element-dff5a39 elementor-tabs-view-horizontal elementor-widget elementor-widget-tabs\" data-element_type=\"tabs.default\">\n\t\t\t\t<div class=\"elementor-widget-container\">\n\t\t\t\t\t<div class=\"elementor-tabs\" role=\"tablist\">\n\t\t\t<div class=\"elementor-tabs-wrapper\">\n\t\t\t\t\t\t\t\t\t<div id=\"elementor-tab-title-2341\" class=\"elementor-tab-title elementor-tab-desktop-title\" data-tab=\"1\" role=\"tab\" aria-controls=\"elementor-tab-content-2341\"><a href=\"\">In der ganzen Welt<\/a><\/div>\n\t\t\t\t\t\t\t<\/div>\n\t\t\t<div class=\"elementor-tabs-content-wrapper\">\n\t\t\t\t\t\t\t\t\t<div class=\"elementor-tab-title elementor-tab-mobile-title\" data-tab=\"1\" role=\"tab\">In der ganzen Welt<\/div>\n\t\t\t\t\t<div id=\"elementor-tab-content-2341\" class=\"elementor-tab-content elementor-clearfix\" data-tab=\"1\" role=\"tabpanel\" aria-labelledby=\"elementor-tab-title-2341\"><p>Aus diesem Grund ist unser Unternehmen heute der verl\u00e4ssliche Partner von Hunderten von Kunden, die sich auf <strong>31 L\u00e4nder<\/strong> verteilen: Italien, Deutschland, \u00d6sterreich, U.K., Schweden, Belgien, Frankreich, Spanien, Portugal, Polen, Tschechische Republik, Ungarn, Bosnien Herzegowina, U.S.A., Mexiko, Brasilien, Argentinien, Uruguay, S\u00fcd-Afrika, Israel, Russland, Kazachstan, Pakistan, Indien, Sri Lanka, Thailand, Vietnam, Singapur, Indonesien, China und Korea.<\/p><p>S\u00e4mtliche von <strong>Pirovano Srl <\/strong>hergestellten Anlagen sind mit einem einzigartigen (patentierten) Dosierkopf \u2013 <strong>CONCENTRIC \u00ae<\/strong> \u2013 versehen, der vollst\u00e4ndig aus EDELSTAHL gefertigt ist und den technisch am weitesten fortgeschrittenen Ausdruck von Dosiersystemen f\u00fcr fl\u00fcssige Erzeugnisse darstellt, der zurzeit auf dem Markt erh\u00e4ltlich ist.<\/p><\/div>\n\t\t\t\t\t\t\t<\/div>\n\t\t<\/div>\n\t\t\t\t<\/div>\n\t\t\t\t<\/div>\n\t\t\t\t\t\t<\/div>\n\t\t\t<\/div>\n\t\t<\/div>\n\t\t\t\t\t\t<\/div>\n\t\t\t<\/div>\n\t\t<\/section>\n\t\t\t\t<section data-id=\"ae231a5\" class=\"elementor-element elementor-element-ae231a5 elementor-section-boxed elementor-section-height-default elementor-section-height-default elementor-section elementor-top-section\" data-element_type=\"section\">\n\t\t\t\t\t\t<div class=\"elementor-container elementor-column-gap-default\">\n\t\t\t\t<div class=\"elementor-row\">\n\t\t\t\t<div data-id=\"d579794\" class=\"elementor-element elementor-element-d579794 elementor-column elementor-col-100 elementor-top-column\" data-element_type=\"column\">\n\t\t\t<div class=\"elementor-column-wrap elementor-element-populated\">\n\t\t\t\t\t<div class=\"elementor-widget-wrap\">\n\t\t\t\t<div data-id=\"ad412fa\" class=\"elementor-element elementor-element-ad412fa elementor-widget elementor-widget-spacer\" data-element_type=\"spacer.default\">\n\t\t\t\t<div class=\"elementor-widget-container\">\n\t\t\t\t\t<div class=\"elementor-spacer\">\n\t\t\t<div class=\"elementor-spacer-inner\"><\/div>\n\t\t<\/div>\n\t\t\t\t<\/div>\n\t\t\t\t<\/div>\n\t\t\t\t\t\t<\/div>\n\t\t\t<\/div>\n\t\t<\/div>\n\t\t\t\t\t\t<\/div>\n\t\t\t<\/div>\n\t\t<\/section>\n\t\t\t\t<section data-id=\"18f492f\" class=\"elementor-element elementor-element-18f492f elementor-section-stretched elementor-section-boxed elementor-section-height-default elementor-section-height-default elementor-section elementor-top-section\" data-settings=\"{&quot;stretch_section&quot;:&quot;section-stretched&quot;}\" data-element_type=\"section\">\n\t\t\t\t\t\t<div class=\"elementor-container elementor-column-gap-default\">\n\t\t\t\t<div class=\"elementor-row\">\n\t\t\t\t<div data-id=\"765515f\" class=\"elementor-element elementor-element-765515f elementor-column elementor-col-100 elementor-top-column\" data-element_type=\"column\">\n\t\t\t<div class=\"elementor-column-wrap elementor-element-populated\">\n\t\t\t\t\t<div class=\"elementor-widget-wrap\">\n\t\t\t\t<div data-id=\"4c354cd\" class=\"elementor-element elementor-element-4c354cd elementor-widget elementor-widget-image\" data-element_type=\"image.default\">\n\t\t\t\t<div class=\"elementor-widget-container\">\n\t\t\t\t\t<div class=\"elementor-image\">\n\t\t\t\t\t\t\t\t\t\t<img width=\"1920\" height=\"1156\" src=\"https:\/\/www.pirovano.com\/wp-content\/uploads\/2018\/06\/map-bg.png\" class=\"attachment-full size-full\" alt=\"\" decoding=\"async\" loading=\"lazy\" srcset=\"https:\/\/www.pirovano.com\/wp-content\/uploads\/2018\/06\/map-bg.png 1920w, https:\/\/www.pirovano.com\/wp-content\/uploads\/2018\/06\/map-bg-300x181.png 300w, https:\/\/www.pirovano.com\/wp-content\/uploads\/2018\/06\/map-bg-768x462.png 768w, https:\/\/www.pirovano.com\/wp-content\/uploads\/2018\/06\/map-bg-1024x617.png 1024w\" sizes=\"(max-width: 1920px) 100vw, 1920px\" \/>\t\t\t\t\t\t\t\t\t\t\t<\/div>\n\t\t\t\t<\/div>\n\t\t\t\t<\/div>\n\t\t\t\t\t\t<\/div>\n\t\t\t<\/div>\n\t\t<\/div>\n\t\t\t\t\t\t<\/div>\n\t\t\t<\/div>\n\t\t<\/section>\n\t\t\t\t<section data-id=\"6270bb2\" class=\"elementor-element elementor-element-6270bb2 elementor-section-boxed elementor-section-height-default elementor-section-height-default elementor-section elementor-top-section\" data-element_type=\"section\">\n\t\t\t\t\t\t<div class=\"elementor-container elementor-column-gap-default\">\n\t\t\t\t<div class=\"elementor-row\">\n\t\t\t\t<div data-id=\"d62181d\" class=\"elementor-element elementor-element-d62181d elementor-column elementor-col-100 elementor-top-column\" data-element_type=\"column\">\n\t\t\t<div class=\"elementor-column-wrap elementor-element-populated\">\n\t\t\t\t\t<div class=\"elementor-widget-wrap\">\n\t\t\t\t<div data-id=\"2dd43d4\" class=\"elementor-element elementor-element-2dd43d4 elementor-widget elementor-widget-spacer\" data-element_type=\"spacer.default\">\n\t\t\t\t<div class=\"elementor-widget-container\">\n\t\t\t\t\t<div class=\"elementor-spacer\">\n\t\t\t<div class=\"elementor-spacer-inner\"><\/div>\n\t\t<\/div>\n\t\t\t\t<\/div>\n\t\t\t\t<\/div>\n\t\t\t\t\t\t<\/div>\n\t\t\t<\/div>\n\t\t<\/div>\n\t\t\t\t\t\t<\/div>\n\t\t\t<\/div>\n\t\t<\/section>\n\t\t\t\t\t\t<\/div>\n\t\t\t<\/div>\n\t\t<\/div>\n\t\t","protected":false},"excerpt":{"rendered":"<p>La nostra azienda \u00e8 specializzata nella progettazione, costruzione ed installazione di impianti chiavi in \u200b\u200bmano e customizzati, finalizzati al dosaggio dei prodotti fluidi (dai liquidi alle paste). Lavoriamo in qualsiasi settore merceologico (vera pelle e pellami sintetici, tessile, pitture e vernici, inchiostri, imballaggi flessibili, cosmesi, rivestimenti di PVC-PU e alluminio, carta da parati, ceramica e &#8230;<\/p>\n","protected":false},"author":1,"featured_media":0,"parent":0,"menu_order":0,"comment_status":"closed","ping_status":"closed","template":"","meta":[],"yoast_head":"<!-- This site is optimized with the Yoast SEO plugin v20.0 - https:\/\/yoast.com\/wordpress\/plugins\/seo\/ -->\n<title>\u00dcber Uns - Pirovano<\/title>\n<meta name=\"robots\" content=\"index, follow, max-snippet:-1, max-image-preview:large, max-video-preview:-1\" \/>\n<link rel=\"canonical\" href=\"https:\/\/www.pirovano.com\/de\/ueber-uns\/\" \/>\n<meta property=\"og:locale\" content=\"de_DE\" \/>\n<meta property=\"og:type\" content=\"article\" \/>\n<meta property=\"og:title\" content=\"\u00dcber Uns - Pirovano\" \/>\n<meta property=\"og:description\" content=\"La nostra azienda \u00e8 specializzata nella progettazione, costruzione ed installazione di impianti chiavi in \u200b\u200bmano e customizzati, finalizzati al dosaggio dei prodotti fluidi (dai liquidi alle paste). Lavoriamo in qualsiasi settore merceologico (vera pelle e pellami sintetici, tessile, pitture e vernici, inchiostri, imballaggi flessibili, cosmesi, rivestimenti di PVC-PU e alluminio, carta da parati, ceramica e ...\" \/>\n<meta property=\"og:url\" content=\"https:\/\/www.pirovano.com\/de\/ueber-uns\/\" \/>\n<meta property=\"og:site_name\" content=\"Pirovano\" \/>\n<meta property=\"article:modified_time\" content=\"2020-06-12T07:28:19+00:00\" \/>\n<meta property=\"og:image\" content=\"https:\/\/www.pirovano.com\/wp-content\/uploads\/2018\/07\/Pirovano_Sede_OK-e1532419944887-1024x769.jpg\" \/>\n<meta name=\"twitter:card\" content=\"summary_large_image\" \/>\n<meta name=\"twitter:label1\" content=\"Gesch\u00e4tzte Lesezeit\" \/>\n\t<meta name=\"twitter:data1\" content=\"1\u00a0Minute\" \/>\n<script type=\"application\/ld+json\" class=\"yoast-schema-graph\">{\"@context\":\"https:\/\/schema.org\",\"@graph\":[{\"@type\":\"WebPage\",\"@id\":\"https:\/\/www.pirovano.com\/de\/ueber-uns\/\",\"url\":\"https:\/\/www.pirovano.com\/de\/ueber-uns\/\",\"name\":\"\u00dcber Uns - Pirovano\",\"isPartOf\":{\"@id\":\"https:\/\/www.pirovano.com\/it\/#website\"},\"datePublished\":\"2018-06-25T08:54:31+00:00\",\"dateModified\":\"2020-06-12T07:28:19+00:00\",\"breadcrumb\":{\"@id\":\"https:\/\/www.pirovano.com\/de\/ueber-uns\/#breadcrumb\"},\"inLanguage\":\"de\",\"potentialAction\":[{\"@type\":\"ReadAction\",\"target\":[\"https:\/\/www.pirovano.com\/de\/ueber-uns\/\"]}]},{\"@type\":\"BreadcrumbList\",\"@id\":\"https:\/\/www.pirovano.com\/de\/ueber-uns\/#breadcrumb\",\"itemListElement\":[{\"@type\":\"ListItem\",\"position\":1,\"name\":\"Home\",\"item\":\"https:\/\/www.pirovano.com\/de\/\"},{\"@type\":\"ListItem\",\"position\":2,\"name\":\"\u00dcber Uns\"}]},{\"@type\":\"WebSite\",\"@id\":\"https:\/\/www.pirovano.com\/it\/#website\",\"url\":\"https:\/\/www.pirovano.com\/it\/\",\"name\":\"https:\/\/www.pirovano.com\",\"description\":\"World\u2019s leading supplier of customized industrial equipment for dosing.\",\"publisher\":{\"@id\":\"https:\/\/www.pirovano.com\/it\/#organization\"},\"potentialAction\":[{\"@type\":\"SearchAction\",\"target\":{\"@type\":\"EntryPoint\",\"urlTemplate\":\"https:\/\/www.pirovano.com\/it\/?s={search_term_string}\"},\"query-input\":\"required name=search_term_string\"}],\"inLanguage\":\"de\"},{\"@type\":\"Organization\",\"@id\":\"https:\/\/www.pirovano.com\/it\/#organization\",\"name\":\"Pirovano s.r.l. - Impianti di Dosaggio Industriali\",\"url\":\"https:\/\/www.pirovano.com\/it\/\",\"logo\":{\"@type\":\"ImageObject\",\"inLanguage\":\"de\",\"@id\":\"https:\/\/www.pirovano.com\/it\/#\/schema\/logo\/image\/\",\"url\":\"https:\/\/www.pirovano.com\/wp-content\/uploads\/2023\/01\/logo.png\",\"contentUrl\":\"https:\/\/www.pirovano.com\/wp-content\/uploads\/2023\/01\/logo.png\",\"width\":767,\"height\":211,\"caption\":\"Pirovano s.r.l. - Impianti di Dosaggio Industriali\"},\"image\":{\"@id\":\"https:\/\/www.pirovano.com\/it\/#\/schema\/logo\/image\/\"},\"sameAs\":[\"https:\/\/www.linkedin.com\/company\/pirovano-dosing-systems\"]}]}<\/script>\n<!-- \/ Yoast SEO plugin. -->","yoast_head_json":{"title":"\u00dcber Uns - Pirovano","robots":{"index":"index","follow":"follow","max-snippet":"max-snippet:-1","max-image-preview":"max-image-preview:large","max-video-preview":"max-video-preview:-1"},"canonical":"https:\/\/www.pirovano.com\/de\/ueber-uns\/","og_locale":"de_DE","og_type":"article","og_title":"\u00dcber Uns - Pirovano","og_description":"La nostra azienda \u00e8 specializzata nella progettazione, costruzione ed installazione di impianti chiavi in \u200b\u200bmano e customizzati, finalizzati al dosaggio dei prodotti fluidi (dai liquidi alle paste). Lavoriamo in qualsiasi settore merceologico (vera pelle e pellami sintetici, tessile, pitture e vernici, inchiostri, imballaggi flessibili, cosmesi, rivestimenti di PVC-PU e alluminio, carta da parati, ceramica e ...","og_url":"https:\/\/www.pirovano.com\/de\/ueber-uns\/","og_site_name":"Pirovano","article_modified_time":"2020-06-12T07:28:19+00:00","og_image":[{"url":"https:\/\/www.pirovano.com\/wp-content\/uploads\/2018\/07\/Pirovano_Sede_OK-e1532419944887-1024x769.jpg"}],"twitter_card":"summary_large_image","twitter_misc":{"Gesch\u00e4tzte Lesezeit":"1\u00a0Minute"},"schema":{"@context":"https:\/\/schema.org","@graph":[{"@type":"WebPage","@id":"https:\/\/www.pirovano.com\/de\/ueber-uns\/","url":"https:\/\/www.pirovano.com\/de\/ueber-uns\/","name":"\u00dcber Uns - Pirovano","isPartOf":{"@id":"https:\/\/www.pirovano.com\/it\/#website"},"datePublished":"2018-06-25T08:54:31+00:00","dateModified":"2020-06-12T07:28:19+00:00","breadcrumb":{"@id":"https:\/\/www.pirovano.com\/de\/ueber-uns\/#breadcrumb"},"inLanguage":"de","potentialAction":[{"@type":"ReadAction","target":["https:\/\/www.pirovano.com\/de\/ueber-uns\/"]}]},{"@type":"BreadcrumbList","@id":"https:\/\/www.pirovano.com\/de\/ueber-uns\/#breadcrumb","itemListElement":[{"@type":"ListItem","position":1,"name":"Home","item":"https:\/\/www.pirovano.com\/de\/"},{"@type":"ListItem","position":2,"name":"\u00dcber Uns"}]},{"@type":"WebSite","@id":"https:\/\/www.pirovano.com\/it\/#website","url":"https:\/\/www.pirovano.com\/it\/","name":"https:\/\/www.pirovano.com","description":"World\u2019s leading supplier of customized industrial equipment for dosing.","publisher":{"@id":"https:\/\/www.pirovano.com\/it\/#organization"},"potentialAction":[{"@type":"SearchAction","target":{"@type":"EntryPoint","urlTemplate":"https:\/\/www.pirovano.com\/it\/?s={search_term_string}"},"query-input":"required name=search_term_string"}],"inLanguage":"de"},{"@type":"Organization","@id":"https:\/\/www.pirovano.com\/it\/#organization","name":"Pirovano s.r.l. - Impianti di Dosaggio Industriali","url":"https:\/\/www.pirovano.com\/it\/","logo":{"@type":"ImageObject","inLanguage":"de","@id":"https:\/\/www.pirovano.com\/it\/#\/schema\/logo\/image\/","url":"https:\/\/www.pirovano.com\/wp-content\/uploads\/2023\/01\/logo.png","contentUrl":"https:\/\/www.pirovano.com\/wp-content\/uploads\/2023\/01\/logo.png","width":767,"height":211,"caption":"Pirovano s.r.l. - Impianti di Dosaggio Industriali"},"image":{"@id":"https:\/\/www.pirovano.com\/it\/#\/schema\/logo\/image\/"},"sameAs":["https:\/\/www.linkedin.com\/company\/pirovano-dosing-systems"]}]}},"_links":{"self":[{"href":"https:\/\/www.pirovano.com\/de\/wp-json\/wp\/v2\/pages\/1174"}],"collection":[{"href":"https:\/\/www.pirovano.com\/de\/wp-json\/wp\/v2\/pages"}],"about":[{"href":"https:\/\/www.pirovano.com\/de\/wp-json\/wp\/v2\/types\/page"}],"author":[{"embeddable":true,"href":"https:\/\/www.pirovano.com\/de\/wp-json\/wp\/v2\/users\/1"}],"replies":[{"embeddable":true,"href":"https:\/\/www.pirovano.com\/de\/wp-json\/wp\/v2\/comments?post=1174"}],"version-history":[{"count":4,"href":"https:\/\/www.pirovano.com\/de\/wp-json\/wp\/v2\/pages\/1174\/revisions"}],"predecessor-version":[{"id":1179,"href":"https:\/\/www.pirovano.com\/de\/wp-json\/wp\/v2\/pages\/1174\/revisions\/1179"}],"wp:attachment":[{"href":"https:\/\/www.pirovano.com\/de\/wp-json\/wp\/v2\/media?parent=1174"}],"curies":[{"name":"wp","href":"https:\/\/api.w.org\/{rel}","templated":true}]}}